{"id":63,"date":"2014-06-15T07:35:35","date_gmt":"2014-06-15T05:35:35","guid":{"rendered":"http:\/\/www.arteypasiondelsur.com\/joyeria\/?page_id=63"},"modified":"2023-05-02T14:00:31","modified_gmt":"2023-05-02T12:00:31","slug":"contacto","status":"publish","type":"page","link":"https:\/\/www.arteypasiondelsur.com\/joyeria\/contacto\/","title":{"rendered":"Contacto"},"content":{"rendered":"<div id=\"pl-63\"  class=\"panel-layout\" ><div id=\"pg-63-0\"  class=\"panel-grid panel-has-style\" ><div class=\"siteorigin-panels-stretch panel-row-style panel-row-style-for-63-0\" data-stretch-type=\"full\" ><div id=\"pgc-63-0-0\"  class=\"panel-grid-cell\" ><div id=\"panel-63-0-0-0\" class=\"so-panel widget widget_sow-image panel-first-child panel-last-child\" data-index=\"0\" ><div\n\t\t\t\n\t\t\tclass=\"so-widget-sow-image so-widget-sow-image-default-c67d20f9f743-63\"\n\t\t\t\n\t\t>\n<div class=\"sow-image-container\">\n\t\t<img \n\tsrc=\"https:\/\/www.arteypasiondelsur.com\/joyeria\/wp-content\/uploads\/sites\/2\/2017\/07\/cropped-ayp_cabecera.jpg\" width=\"1600\" height=\"200\" srcset=\"https:\/\/www.arteypasiondelsur.com\/joyeria\/wp-content\/uploads\/sites\/2\/2017\/07\/cropped-ayp_cabecera.jpg 1600w, https:\/\/www.arteypasiondelsur.com\/joyeria\/wp-content\/uploads\/sites\/2\/2017\/07\/cropped-ayp_cabecera-300x38.jpg 300w, https:\/\/www.arteypasiondelsur.com\/joyeria\/wp-content\/uploads\/sites\/2\/2017\/07\/cropped-ayp_cabecera-768x96.jpg 768w, https:\/\/www.arteypasiondelsur.com\/joyeria\/wp-content\/uploads\/sites\/2\/2017\/07\/cropped-ayp_cabecera-1024x128.jpg 1024w, https:\/\/www.arteypasiondelsur.com\/joyeria\/wp-content\/uploads\/sites\/2\/2017\/07\/cropped-ayp_cabecera-510x64.jpg 510w\" sizes=\"(max-width: 1600px) 100vw, 1600px\" title=\"ba\u00f1os de plata y oro\" alt=\"ba\u00f1os de plata y oro\" loading=\"lazy\" \t\tclass=\"so-widget-image\"\/>\n\t<\/div>\n\n<\/div><\/div><\/div><\/div><\/div><div id=\"pg-63-1\"  class=\"panel-grid panel-no-style\" ><div id=\"pgc-63-1-0\"  class=\"panel-grid-cell\" ><div id=\"panel-63-1-0-0\" class=\"so-panel widget widget_sow-editor panel-first-child panel-last-child\" data-index=\"1\" ><div\n\t\t\t\n\t\t\tclass=\"so-widget-sow-editor so-widget-sow-editor-base\"\n\t\t\t\n\t\t>\n<div class=\"siteorigin-widget-tinymce textwidget\">\n\t\n<div class=\"wpcf7 no-js\" id=\"wpcf7-f62-o1\" lang=\"es-ES\" dir=\"ltr\">\n<div class=\"screen-reader-response\"><p role=\"status\" aria-live=\"polite\" aria-atomic=\"true\"><\/p> <ul><\/ul><\/div>\n<form action=\"\/joyeria\/wp-json\/wp\/v2\/pages\/63#wpcf7-f62-o1\" method=\"post\" class=\"wpcf7-form init\" aria-label=\"Formulario de contacto\" enctype=\"multipart\/form-data\" novalidate=\"novalidate\" data-status=\"init\">\n<div style=\"display: none;\">\n<input type=\"hidden\" name=\"_wpcf7\" value=\"62\" \/>\n<input type=\"hidden\" name=\"_wpcf7_version\" value=\"5.8.6\" \/>\n<input type=\"hidden\" name=\"_wpcf7_locale\" value=\"es_ES\" \/>\n<input type=\"hidden\" name=\"_wpcf7_unit_tag\" value=\"wpcf7-f62-o1\" \/>\n<input type=\"hidden\" name=\"_wpcf7_container_post\" value=\"0\" \/>\n<input type=\"hidden\" name=\"_wpcf7_posted_data_hash\" value=\"\" \/>\n<\/div>\n<p>Su nombre (requerido)\n<\/p>\n<p><span class=\"wpcf7-form-control-wrap\" data-name=\"your-name\"><input size=\"40\" class=\"wpcf7-form-control wpcf7-text wpcf7-validates-as-required\" aria-required=\"true\" aria-invalid=\"false\" value=\"\" type=\"text\" name=\"your-name\" \/><\/span>\n<\/p>\n<p>Su tel\u00e9fono (requerido)\n<\/p>\n<p><span class=\"wpcf7-form-control-wrap\" data-name=\"tel-232\"><input size=\"40\" class=\"wpcf7-form-control wpcf7-tel wpcf7-validates-as-required wpcf7-text wpcf7-validates-as-tel\" aria-required=\"true\" aria-invalid=\"false\" value=\"\" type=\"tel\" name=\"tel-232\" \/><\/span>\n<\/p>\n<p>Su e-mail (requerido)\n<\/p>\n<p><span class=\"wpcf7-form-control-wrap\" data-name=\"your-email\"><input size=\"40\" class=\"wpcf7-form-control wpcf7-email wpcf7-validates-as-required wpcf7-text wpcf7-validates-as-email\" aria-required=\"true\" aria-invalid=\"false\" value=\"\" type=\"email\" name=\"your-email\" \/><\/span>\n<\/p>\n<p>Asunto\n<\/p>\n<p><span class=\"wpcf7-form-control-wrap\" data-name=\"your-subject\"><input size=\"40\" class=\"wpcf7-form-control wpcf7-text\" aria-invalid=\"false\" value=\"\" type=\"text\" name=\"your-subject\" \/><\/span>\n<\/p>\n<p>Su mensaje\n<\/p>\n<p><span class=\"wpcf7-form-control-wrap\" data-name=\"your-message\"><textarea cols=\"40\" rows=\"10\" class=\"wpcf7-form-control wpcf7-textarea\" aria-invalid=\"false\" name=\"your-message\"><\/textarea><\/span>\n<\/p>\n<p>Foto\n<\/p>\n<p><span class=\"wpcf7-form-control-wrap\" data-name=\"file-289\"><input size=\"40\" class=\"wpcf7-form-control wpcf7-file\" accept=\"audio\/*,video\/*,image\/*\" aria-invalid=\"false\" type=\"file\" name=\"file-289\" \/><\/span>\n<\/p>\n<p>He le\u00eddo y acepto la <a href=\"_politica-privacidad\">Pol\u00edtica de privacidad<\/a><span class=\"wpcf7-form-control-wrap\" data-name=\"acceptance-42\"><span class=\"wpcf7-form-control wpcf7-acceptance\"><span class=\"wpcf7-list-item\"><input type=\"checkbox\" name=\"acceptance-42\" value=\"1\" aria-invalid=\"false\" \/><\/span><\/span><\/span>\n<\/p>\n<p> Responsable: Arte y Pasi\u00f3n del Sur\n<\/p>\n<p> Finalidad: contactar con nosotros para ayudarte en lo que necesites\n<\/p>\n<p> Legitimaci\u00f3n: le pedimos su permiso para guardar sus datos bajo sus derechos de privacidad\n<\/p>\n<p> Destinatario: correo info@arteypasiondelsur.com\n<\/p>\n<p> Derechos: podr\u00e1 acceder, modificar o eliminar sus datos siempre que lo desee contactando con nosotros\n<\/p>\n<p><input class=\"wpcf7-form-control wpcf7-submit has-spinner et_pb_contact_submit\" type=\"submit\" value=\"Enviar\" \/>\n<\/p><div class=\"wpcf7-response-output\" aria-hidden=\"true\"><\/div>\n<\/form>\n<\/div>\n\n<\/div>\n<\/div><\/div><\/div><div id=\"pgc-63-1-1\"  class=\"panel-grid-cell\" ><div id=\"panel-63-1-1-0\" class=\"so-panel widget widget_sow-editor panel-first-child panel-last-child\" data-index=\"2\" ><div\n\t\t\t\n\t\t\tclass=\"so-widget-sow-editor so-widget-sow-editor-base\"\n\t\t\t\n\t\t>\n<div class=\"siteorigin-widget-tinymce textwidget\">\n\t<h3>P\u00eddanos presupuesto y contacte con nosotros sin compromiso<\/h3>\n<p><span class=\"et-dropcap\">1.\u00a0<\/span>Pida presupuesto, puede enviarnos una imagen de su pieza para una mejor valoraci\u00f3n.<\/p>\n<p><span class=\"et-dropcap\">2.<\/span>\u00a0Env\u00edenos\u00a0su presupuesto aceptado y h\u00e1ganos llegar su pieza a trav\u00e9s de mensajer\u00eda.<\/p>\n<p><span class=\"et-dropcap\">3.<\/span>\u00a0En un m\u00e1ximo de 15 d\u00edas aproximadamente le devolvemos su pieza restaurada.<\/p>\n<h3>Atenci\u00f3n al cliente<\/h3>\n<p>Atenderemos su petici\u00f3n lo m\u00e1s r\u00e1pido posible. Tambi\u00e9n puede contactar con nosotros en el<\/p>\n<p><strong>Tel\u00e9fono:<\/strong>\u00a0616 204 016 atendemos\u00a0whatsap\u00a0\u2013 957 040 083\u00a0<strong>Horario de atenci\u00f3n al cliente:<\/strong>\u00a09:00\u201321:00\u00a0de lunes a s\u00e1bado<\/p>\n<h3><\/h3>\n<h3>Direcci\u00f3n de env\u00edo<\/h3>\n<p>Calle Poeta Miguel Hern\u00e1ndez 15 14550, Montilla, C\u00f3rdoba (Espa\u00f1a)<\/p>\n<h3><\/h3>\n<h3>Solo realizamos trabajo en Espa\u00f1a<a href=\"http:\/\/www.arteypasiondelsur.com\/joyeria\/wp-content\/uploads\/sites\/2\/2017\/07\/trabajos-espa\u00f1a.png\"><br \/>\n<\/a><a href=\"http:\/\/www.arteypasiondelsur.com\/joyeria\/wp-content\/uploads\/sites\/2\/2017\/08\/trabajos-espa\u00f1a-150x150.png\"><img decoding=\"async\" loading=\"lazy\" class=\"alignnone size-full wp-image-1021\" src=\"http:\/\/www.arteypasiondelsur.com\/joyeria\/wp-content\/uploads\/sites\/2\/2017\/08\/trabajos-espa\u00f1a-150x150.png\" alt=\"\" width=\"150\" height=\"150\" \/><\/a><a href=\"http:\/\/www.arteypasiondelsur.com\/joyeria\/wp-content\/uploads\/sites\/2\/2017\/07\/trabajos-espa\u00f1a.png\"><br \/>\n<\/a><\/h3>\n<\/div>\n<\/div><\/div><\/div><\/div><div id=\"pg-63-2\"  class=\"panel-grid panel-no-style\" ><div id=\"pgc-63-2-0\"  class=\"panel-grid-cell\" ><div id=\"panel-63-2-0-0\" class=\"so-panel widget widget_sow-editor panel-first-child panel-last-child\" data-index=\"3\" ><div\n\t\t\t\n\t\t\tclass=\"so-widget-sow-editor so-widget-sow-editor-base\"\n\t\t\t\n\t\t>\n<div class=\"siteorigin-widget-tinymce textwidget\">\n\t<\/div>\n<\/div><\/div><\/div><div id=\"pgc-63-2-1\"  class=\"panel-grid-cell\" ><div id=\"panel-63-2-1-0\" class=\"so-panel widget widget_sow-editor panel-first-child panel-last-child\" data-index=\"4\" ><div\n\t\t\t\n\t\t\tclass=\"so-widget-sow-editor so-widget-sow-editor-base\"\n\t\t\t\n\t\t>\n<div class=\"siteorigin-widget-tinymce textwidget\">\n\t<\/div>\n<\/div><\/div><\/div><\/div><div id=\"pg-63-3\"  class=\"panel-grid panel-no-style\" ><div id=\"pgc-63-3-0\"  class=\"panel-grid-cell\" ><div id=\"panel-63-3-0-0\" class=\"so-panel widget widget_sow-editor panel-first-child panel-last-child\" data-index=\"5\" ><div\n\t\t\t\n\t\t\tclass=\"so-widget-sow-editor so-widget-sow-editor-base\"\n\t\t\t\n\t\t>\n<div class=\"siteorigin-widget-tinymce textwidget\">\n\t<h3>Pedidos<\/h3>\n<p>Para mayor seguridad y evitar posibles errores, recomendamos realice sus pedidos por escrito utilizando el medio m\u00e1s c\u00f3modo para usted, ya sea por correo electr\u00f3nico o si lo prefiere a trav\u00e9s de un mensaje de texto v\u00eda Whatsapp al m\u00f3vil +34 616 204 016.<\/p>\n<h3>Transporte<\/h3>\n<p>Este servicio se realizar\u00e1 con la empresa de transportes MRW, en caso de que estas condiciones de transporte no sean de su agrado, podr\u00e1 enviar la agencia de transportes que estime oportuna, haci\u00e9ndose cargo tanto de la gesti\u00f3n de su recogida como del importe del transporte.<\/p>\n<h3>Gastos en env\u00edo<\/h3>\n<p>Para paquetes de 0 a 5 kg: 8,5 \u20ac a cualquier provincia del territorio peninsular. Para paquetes de 5 kg a 10 kg: 10,5 \u20ac a cualquier provincia del territorio peninsular. Canarias, Baleares, Ceuta y Melilla consultar precios.<\/p>\n<\/div>\n<\/div><\/div><\/div><div id=\"pgc-63-3-1\"  class=\"panel-grid-cell\" ><div id=\"panel-63-3-1-0\" class=\"so-panel widget widget_sow-editor panel-first-child panel-last-child\" data-index=\"6\" ><div\n\t\t\t\n\t\t\tclass=\"so-widget-sow-editor so-widget-sow-editor-base\"\n\t\t\t\n\t\t>\n<div class=\"siteorigin-widget-tinymce textwidget\">\n\t<h3>Forma de pago<\/h3>\n<p>Contrareembolso* o mediante transferencia bancaria.<\/p>\n<p>&nbsp;<\/p>\n<h3>Incidencias<\/h3>\n<p>Si tuviera alguna incidencia con alguno de los paquetes: abierto, deteriorado, extraviado o cualquier otra, h\u00e1galo constar en el albar\u00e1n de entrega de la Agencia de Transportes en el momento de su entrega.<\/p>\n<p>Para cualquier posible reclamaci\u00f3n, compruebe la mercanc\u00eda cuando la reciba, antes de ser manipulada.<\/p>\n<p>Si tiene que hacer una devoluci\u00f3n, p\u00f3ngase en contacto con nosotros y enviaremos a nuestra agencia &nbsp;para que recoja el paquete.<\/p>\n<p>En caso de devoluci\u00f3n por causas ajenas, los gastos de portes, tanto de ida como de vuelta, correr\u00e1n a cargo del cliente.<\/p>\n<\/div>\n<\/div><\/div><\/div><\/div><\/div>","protected":false},"excerpt":{"rendered":"<div class=\"slide-text-bg2\"><span>P\u00eddanos presupuesto y contacte con nosotros sin compromiso 1.\u00a0Pida presupuesto, puede enviarnos una imagen de su pieza para una mejor valoraci\u00f3n. 2.\u00a0En<\/span><\/div>\n<div class=\"slide-btn-area-sm\"><a href=\"https:\/\/www.arteypasiondelsur.com\/joyeria\/contacto\/\" class=\"slide-btn-sm\">Leer m\u00e1s<\/a><\/div>\n","protected":false},"author":1,"featured_media":0,"parent":0,"menu_order":0,"comment_status":"closed","ping_status":"closed","template":"fullwidth.php","meta":{"_monsterinsights_skip_tracking":false,"_monsterinsights_sitenote_active":false,"_monsterinsights_sitenote_note":"","_monsterinsights_sitenote_category":0},"yoast_head":"<!-- This site is optimized with the Yoast SEO plugin v20.5 - https:\/\/yoast.com\/wordpress\/plugins\/seo\/ -->\n<title>Contacta con Arte y Pasi\u00f3n del Sur | Tu tienda de restauraci\u00f3n<\/title>\n<meta name=\"description\" content=\"En Arte y Pasi\u00f3n del Sur ofrecemos restauraci\u00f3n y ba\u00f1os de oro y plata, as\u00ed como chapado y ba\u00f1os de piezas no met\u00e1licas. Contacta siempre que lo necesites\" \/>\n<meta name=\"robots\" content=\"index, follow, max-snippet:-1, max-image-preview:large, max-video-preview:-1\" \/>\n<link rel=\"canonical\" href=\"https:\/\/www.arteypasiondelsur.com\/joyeria\/contacto\/\" \/>\n<meta property=\"og:locale\" content=\"es_ES\" \/>\n<meta property=\"og:type\" content=\"article\" \/>\n<meta property=\"og:title\" content=\"Contacta con Arte y Pasi\u00f3n del Sur | Tu tienda de restauraci\u00f3n\" \/>\n<meta property=\"og:description\" content=\"En Arte y Pasi\u00f3n del Sur ofrecemos restauraci\u00f3n y ba\u00f1os de oro y plata, as\u00ed como chapado y ba\u00f1os de piezas no met\u00e1licas. Contacta siempre que lo necesites\" \/>\n<meta property=\"og:url\" content=\"https:\/\/www.arteypasiondelsur.com\/joyeria\/contacto\/\" \/>\n<meta property=\"og:site_name\" content=\"Ba\u00f1os de oro y plata. Restauraci\u00f3n de piezas met\u00e1licas y no met\u00e1licas\" \/>\n<meta property=\"article:publisher\" content=\"https:\/\/www.facebook.com\/Arte-y-Pasi%c3%b3n-del-Sur-1455244028069329\/?fref=ts\" \/>\n<meta property=\"article:modified_time\" content=\"2023-05-02T12:00:31+00:00\" \/>\n<meta name=\"twitter:label1\" content=\"Tiempo de lectura\" \/>\n\t<meta name=\"twitter:data1\" content=\"2 minutos\" \/>\n<script type=\"application\/ld+json\" class=\"yoast-schema-graph\">{\"@context\":\"https:\/\/schema.org\",\"@graph\":[{\"@type\":\"WebPage\",\"@id\":\"https:\/\/www.arteypasiondelsur.com\/joyeria\/contacto\/\",\"url\":\"https:\/\/www.arteypasiondelsur.com\/joyeria\/contacto\/\",\"name\":\"Contacta con Arte y Pasi\u00f3n del Sur | Tu tienda de restauraci\u00f3n\",\"isPartOf\":{\"@id\":\"https:\/\/www.arteypasiondelsur.com\/joyeria\/#website\"},\"datePublished\":\"2014-06-15T05:35:35+00:00\",\"dateModified\":\"2023-05-02T12:00:31+00:00\",\"description\":\"En Arte y Pasi\u00f3n del Sur ofrecemos restauraci\u00f3n y ba\u00f1os de oro y plata, as\u00ed como chapado y ba\u00f1os de piezas no met\u00e1licas. Contacta siempre que lo necesites\",\"breadcrumb\":{\"@id\":\"https:\/\/www.arteypasiondelsur.com\/joyeria\/contacto\/#breadcrumb\"},\"inLanguage\":\"es\",\"potentialAction\":[{\"@type\":\"ReadAction\",\"target\":[\"https:\/\/www.arteypasiondelsur.com\/joyeria\/contacto\/\"]}]},{\"@type\":\"BreadcrumbList\",\"@id\":\"https:\/\/www.arteypasiondelsur.com\/joyeria\/contacto\/#breadcrumb\",\"itemListElement\":[{\"@type\":\"ListItem\",\"position\":1,\"name\":\"Portada\",\"item\":\"https:\/\/www.arteypasiondelsur.com\/joyeria\/\"},{\"@type\":\"ListItem\",\"position\":2,\"name\":\"Contacto\"}]},{\"@type\":\"WebSite\",\"@id\":\"https:\/\/www.arteypasiondelsur.com\/joyeria\/#website\",\"url\":\"https:\/\/www.arteypasiondelsur.com\/joyeria\/\",\"name\":\"Ba\u00f1os de oro y plata. Restauraci\u00f3n de piezas met\u00e1licas y no met\u00e1licas\",\"description\":\"Ba\u00f1os de oro, plata y restauraci\u00f3n de todo tipo de piezas; met\u00e1licas y no met\u00e1licas con total garant\u00eda\",\"publisher\":{\"@id\":\"https:\/\/www.arteypasiondelsur.com\/joyeria\/#organization\"},\"potentialAction\":[{\"@type\":\"SearchAction\",\"target\":{\"@type\":\"EntryPoint\",\"urlTemplate\":\"https:\/\/www.arteypasiondelsur.com\/joyeria\/?s={search_term_string}\"},\"query-input\":\"required name=search_term_string\"}],\"inLanguage\":\"es\"},{\"@type\":\"Organization\",\"@id\":\"https:\/\/www.arteypasiondelsur.com\/joyeria\/#organization\",\"name\":\"Ba\u00f1os de oro y plata. Restauraci\u00f3n de piezas met\u00e1licas y no met\u00e1licas\",\"url\":\"https:\/\/www.arteypasiondelsur.com\/joyeria\/\",\"logo\":{\"@type\":\"ImageObject\",\"inLanguage\":\"es\",\"@id\":\"https:\/\/www.arteypasiondelsur.com\/joyeria\/#\/schema\/logo\/image\/\",\"url\":\"https:\/\/www.arteypasiondelsur.com\/joyeria\/wp-content\/uploads\/sites\/2\/2017\/08\/cropped-ayp_web.jpg\",\"contentUrl\":\"https:\/\/www.arteypasiondelsur.com\/joyeria\/wp-content\/uploads\/sites\/2\/2017\/08\/cropped-ayp_web.jpg\",\"width\":150,\"height\":56,\"caption\":\"Ba\u00f1os de oro y plata. Restauraci\u00f3n de piezas met\u00e1licas y no met\u00e1licas\"},\"image\":{\"@id\":\"https:\/\/www.arteypasiondelsur.com\/joyeria\/#\/schema\/logo\/image\/\"},\"sameAs\":[\"https:\/\/www.facebook.com\/Arte-y-Pasi\u00f3n-del-Sur-1455244028069329\/?fref=ts\",\"https:\/\/twitter.com\/ArteYPasionSur\"]}]}<\/script>\n<!-- \/ Yoast SEO plugin. -->","yoast_head_json":{"title":"Contacta con Arte y Pasi\u00f3n del Sur | Tu tienda de restauraci\u00f3n","description":"En Arte y Pasi\u00f3n del Sur ofrecemos restauraci\u00f3n y ba\u00f1os de oro y plata, as\u00ed como chapado y ba\u00f1os de piezas no met\u00e1licas. Contacta siempre que lo necesites","robots":{"index":"index","follow":"follow","max-snippet":"max-snippet:-1","max-image-preview":"max-image-preview:large","max-video-preview":"max-video-preview:-1"},"canonical":"https:\/\/www.arteypasiondelsur.com\/joyeria\/contacto\/","og_locale":"es_ES","og_type":"article","og_title":"Contacta con Arte y Pasi\u00f3n del Sur | Tu tienda de restauraci\u00f3n","og_description":"En Arte y Pasi\u00f3n del Sur ofrecemos restauraci\u00f3n y ba\u00f1os de oro y plata, as\u00ed como chapado y ba\u00f1os de piezas no met\u00e1licas. Contacta siempre que lo necesites","og_url":"https:\/\/www.arteypasiondelsur.com\/joyeria\/contacto\/","og_site_name":"Ba\u00f1os de oro y plata. Restauraci\u00f3n de piezas met\u00e1licas y no met\u00e1licas","article_publisher":"https:\/\/www.facebook.com\/Arte-y-Pasi%c3%b3n-del-Sur-1455244028069329\/?fref=ts","article_modified_time":"2023-05-02T12:00:31+00:00","twitter_misc":{"Tiempo de lectura":"2 minutos"},"schema":{"@context":"https:\/\/schema.org","@graph":[{"@type":"WebPage","@id":"https:\/\/www.arteypasiondelsur.com\/joyeria\/contacto\/","url":"https:\/\/www.arteypasiondelsur.com\/joyeria\/contacto\/","name":"Contacta con Arte y Pasi\u00f3n del Sur | Tu tienda de restauraci\u00f3n","isPartOf":{"@id":"https:\/\/www.arteypasiondelsur.com\/joyeria\/#website"},"datePublished":"2014-06-15T05:35:35+00:00","dateModified":"2023-05-02T12:00:31+00:00","description":"En Arte y Pasi\u00f3n del Sur ofrecemos restauraci\u00f3n y ba\u00f1os de oro y plata, as\u00ed como chapado y ba\u00f1os de piezas no met\u00e1licas. Contacta siempre que lo necesites","breadcrumb":{"@id":"https:\/\/www.arteypasiondelsur.com\/joyeria\/contacto\/#breadcrumb"},"inLanguage":"es","potentialAction":[{"@type":"ReadAction","target":["https:\/\/www.arteypasiondelsur.com\/joyeria\/contacto\/"]}]},{"@type":"BreadcrumbList","@id":"https:\/\/www.arteypasiondelsur.com\/joyeria\/contacto\/#breadcrumb","itemListElement":[{"@type":"ListItem","position":1,"name":"Portada","item":"https:\/\/www.arteypasiondelsur.com\/joyeria\/"},{"@type":"ListItem","position":2,"name":"Contacto"}]},{"@type":"WebSite","@id":"https:\/\/www.arteypasiondelsur.com\/joyeria\/#website","url":"https:\/\/www.arteypasiondelsur.com\/joyeria\/","name":"Ba\u00f1os de oro y plata. Restauraci\u00f3n de piezas met\u00e1licas y no met\u00e1licas","description":"Ba\u00f1os de oro, plata y restauraci\u00f3n de todo tipo de piezas; met\u00e1licas y no met\u00e1licas con total garant\u00eda","publisher":{"@id":"https:\/\/www.arteypasiondelsur.com\/joyeria\/#organization"},"potentialAction":[{"@type":"SearchAction","target":{"@type":"EntryPoint","urlTemplate":"https:\/\/www.arteypasiondelsur.com\/joyeria\/?s={search_term_string}"},"query-input":"required name=search_term_string"}],"inLanguage":"es"},{"@type":"Organization","@id":"https:\/\/www.arteypasiondelsur.com\/joyeria\/#organization","name":"Ba\u00f1os de oro y plata. Restauraci\u00f3n de piezas met\u00e1licas y no met\u00e1licas","url":"https:\/\/www.arteypasiondelsur.com\/joyeria\/","logo":{"@type":"ImageObject","inLanguage":"es","@id":"https:\/\/www.arteypasiondelsur.com\/joyeria\/#\/schema\/logo\/image\/","url":"https:\/\/www.arteypasiondelsur.com\/joyeria\/wp-content\/uploads\/sites\/2\/2017\/08\/cropped-ayp_web.jpg","contentUrl":"https:\/\/www.arteypasiondelsur.com\/joyeria\/wp-content\/uploads\/sites\/2\/2017\/08\/cropped-ayp_web.jpg","width":150,"height":56,"caption":"Ba\u00f1os de oro y plata. Restauraci\u00f3n de piezas met\u00e1licas y no met\u00e1licas"},"image":{"@id":"https:\/\/www.arteypasiondelsur.com\/joyeria\/#\/schema\/logo\/image\/"},"sameAs":["https:\/\/www.facebook.com\/Arte-y-Pasi\u00f3n-del-Sur-1455244028069329\/?fref=ts","https:\/\/twitter.com\/ArteYPasionSur"]}]}},"_links":{"self":[{"href":"https:\/\/www.arteypasiondelsur.com\/joyeria\/wp-json\/wp\/v2\/pages\/63"}],"collection":[{"href":"https:\/\/www.arteypasiondelsur.com\/joyeria\/wp-json\/wp\/v2\/pages"}],"about":[{"href":"https:\/\/www.arteypasiondelsur.com\/joyeria\/wp-json\/wp\/v2\/types\/page"}],"author":[{"embeddable":true,"href":"https:\/\/www.arteypasiondelsur.com\/joyeria\/wp-json\/wp\/v2\/users\/1"}],"replies":[{"embeddable":true,"href":"https:\/\/www.arteypasiondelsur.com\/joyeria\/wp-json\/wp\/v2\/comments?post=63"}],"version-history":[{"count":8,"href":"https:\/\/www.arteypasiondelsur.com\/joyeria\/wp-json\/wp\/v2\/pages\/63\/revisions"}],"predecessor-version":[{"id":1650,"href":"https:\/\/www.arteypasiondelsur.com\/joyeria\/wp-json\/wp\/v2\/pages\/63\/revisions\/1650"}],"wp:attachment":[{"href":"https:\/\/www.arteypasiondelsur.com\/joyeria\/wp-json\/wp\/v2\/media?parent=63"}],"curies":[{"name":"wp","href":"https:\/\/api.w.org\/{rel}","templated":true}]}}