{"id":1510,"date":"2020-05-30T18:04:51","date_gmt":"2020-05-30T16:04:51","guid":{"rendered":"http:\/\/www.arteypasiondelsur.com\/joyeria\/?page_id=1510"},"modified":"2020-05-30T19:14:11","modified_gmt":"2020-05-30T17:14:11","slug":"diamantes-cenizas","status":"publish","type":"page","link":"https:\/\/www.arteypasiondelsur.com\/joyeria\/diamantes-cenizas\/","title":{"rendered":"Diamantes hechos con cenizas"},"content":{"rendered":"<div id=\"pl-1510\"  class=\"panel-layout\" ><div id=\"pg-1510-0\"  class=\"panel-grid panel-has-style\" ><div class=\"siteorigin-panels-stretch panel-row-style panel-row-style-for-1510-0\" data-stretch-type=\"full\" ><div id=\"pgc-1510-0-0\"  class=\"panel-grid-cell\" ><div id=\"panel-1510-0-0-0\" class=\"so-panel widget widget_sow-hero panel-first-child panel-last-child\" data-index=\"0\" ><div class=\"panel-widget-style panel-widget-style-for-1510-0-0-0\" ><div\n\t\t\t\n\t\t\tclass=\"so-widget-sow-hero so-widget-sow-hero-default-5f9811687b4f-1510\"\n\t\t\t\n\t\t>\t\t\t\t<div class=\"sow-slider-base\" style=\"display: none\" tabindex=\"0\">\n\t\t\t\t\t<ul\n\t\t\t\t\tclass=\"sow-slider-images\"\n\t\t\t\t\tdata-settings=\"{&quot;pagination&quot;:true,&quot;speed&quot;:800,&quot;timeout&quot;:8000,&quot;paused&quot;:false,&quot;pause_on_hover&quot;:false,&quot;swipe&quot;:false,&quot;nav_always_show_desktop&quot;:&quot;&quot;,&quot;nav_always_show_mobile&quot;:&quot;&quot;,&quot;breakpoint&quot;:&quot;780px&quot;,&quot;unmute&quot;:false,&quot;anchor&quot;:null}\"\n\t\t\t\t\t\t\t\t\t\tdata-anchor-id=\"\"\n\t\t\t\t>\t\t<li class=\"sow-slider-image  sow-slider-image-cover\" style=\"visibility: visible;\" >\n\t\t\t\t\t<div class=\"sow-slider-image-container\">\n\t\t\t<div class=\"sow-slider-image-wrapper\">\n\t\t\t\t<h1>Diamantes hechos con cenizas<\/h1>\n<h4>Su recuerdo siempre contigo<\/h4>\t\t\t<\/div>\n\t\t<\/div>\n\t\t<div class=\"sow-slider-image-overlay sow-slider-image-cover\" style=\"opacity: 0.65;background-image: url(https:\/\/www.arteypasiondelsur.com\/joyeria\/wp-content\/uploads\/sites\/2\/2020\/05\/old-age-360714_1920.jpg)\"  ><\/div>\t\t<\/li>\n\t\t<\/ul>\t\t\t\t<ol class=\"sow-slider-pagination\">\n\t\t\t\t\t\t\t\t\t\t\t<li><a href=\"#\" data-goto=\"0\" aria-label=\"mostrar diapositiva 1\"><\/a><\/li>\n\t\t\t\t\t\t\t\t\t<\/ol>\n\n\t\t\t\t<div class=\"sow-slide-nav sow-slide-nav-next\">\n\t\t\t\t\t<a href=\"#\" data-goto=\"next\" aria-label=\"diapositiva siguiente\" data-action=\"next\">\n\t\t\t\t\t\t<em class=\"sow-sld-icon-thin-right\"><\/em>\n\t\t\t\t\t<\/a>\n\t\t\t\t<\/div>\n\n\t\t\t\t<div class=\"sow-slide-nav sow-slide-nav-prev\">\n\t\t\t\t\t<a href=\"#\" data-goto=\"previous\" aria-label=\"diapositiva anterior\" data-action=\"prev\">\n\t\t\t\t\t\t<em class=\"sow-sld-icon-thin-left\"><\/em>\n\t\t\t\t\t<\/a>\n\t\t\t\t<\/div>\n\t\t\t\t<\/div><\/div><\/div><\/div><\/div><\/div><\/div><div id=\"pg-1510-1\"  class=\"panel-grid panel-has-style\" ><div class=\"panel-row-style panel-row-style-for-1510-1\" ><div id=\"pgc-1510-1-0\"  class=\"panel-grid-cell\" ><div id=\"panel-1510-1-0-0\" class=\"so-panel widget widget_sow-editor panel-first-child panel-last-child\" data-index=\"1\" ><div\n\t\t\t\n\t\t\tclass=\"so-widget-sow-editor so-widget-sow-editor-base\"\n\t\t\t\n\t\t>\n<div class=\"siteorigin-widget-tinymce textwidget\">\n\t<section class=\"av_textblock_section \">\n<div class=\"avia_textblock \">\n<p><strong>Diamantes y joyas<\/strong> de distintas formas, tama\u00f1os y colores realizados a partir de las cenizas de nuestros seres queridos, o nuestras mascotas. Una bella manera de hacer que su recuerdo est\u00e9 siempre con nosotros.<\/p>\n<p>No queremos que el precio sea un problema, de modo que realizamos presupuestos sin compromiso economizando todo el proceso de desarrollo para ofrecerte siempre el mejor precio posible.<\/p>\n<\/div>\n<\/section>\n<div class=\"avia-icon-list-container avia-builder-el-15 el_after_av_textblock el_before_av_hr \">\n<ul class=\"avia-icon-list avia-icon-list-left av-iconlist-small avia_animate_when_almost_visible avia-iconlist-animate avia_start_animation\">\n<li>\n<div class=\"iconlist_icon avia-font-entypo-fontello\">\u00a0Trato cercano y comunicaci\u00f3n durante el proceso.<\/div>\n<article class=\"article-icon-entry av-iconlist-empty\">\n<div class=\"iconlist_content_wrap\">\n<div class=\"iconlist_content \">\u00a0<\/div>\n<\/div>\n<footer class=\"entry-footer\"><\/footer>\n<\/article>\n<\/li>\n<li>\n<div class=\"iconlist_icon avia-font-entypo-fontello\">\u00a0Confidencialidad total durante todo el proceso.<\/div>\n<article class=\"article-icon-entry av-iconlist-empty\">\n<div class=\"iconlist_content_wrap\">\n<div class=\"iconlist_content \">\u00a0<\/div>\n<\/div>\n<footer class=\"entry-footer\"><\/footer>\n<\/article>\n<\/li>\n<li>\n<div class=\"iconlist_icon avia-font-entypo-fontello\">\u00a0Certificado de calidad de nuestros diamantes.<\/div>\n<\/li>\n<\/ul>\n<\/div>\n<\/div>\n<\/div><\/div><\/div><div id=\"pgc-1510-1-1\"  class=\"panel-grid-cell\" ><div id=\"panel-1510-1-1-0\" class=\"so-panel widget widget_sow-slider panel-first-child panel-last-child\" data-index=\"2\" ><div class=\"panel-widget-style panel-widget-style-for-1510-1-1-0\" ><div\n\t\t\t\n\t\t\tclass=\"so-widget-sow-slider so-widget-sow-slider-default-4cdf936dcdd7-1510\"\n\t\t\t\n\t\t>\t\t\t\t<div class=\"sow-slider-base\" style=\"display: none\" tabindex=\"0\">\n\t\t\t\t\t<ul\n\t\t\t\t\tclass=\"sow-slider-images\"\n\t\t\t\t\tdata-settings=\"{&quot;pagination&quot;:true,&quot;speed&quot;:900,&quot;timeout&quot;:4000,&quot;paused&quot;:false,&quot;pause_on_hover&quot;:false,&quot;swipe&quot;:true,&quot;nav_always_show_desktop&quot;:&quot;&quot;,&quot;nav_always_show_mobile&quot;:&quot;&quot;,&quot;breakpoint&quot;:&quot;780px&quot;,&quot;unmute&quot;:false,&quot;anchor&quot;:null}\"\n\t\t\t\t\t\t\t\t\t\tdata-anchor-id=\"\"\n\t\t\t\t>\t\t<li class=\"sow-slider-image\" style=\"visibility: visible;\" >\n\t\t\t\t\t\t<img width=\"495\" height=\"400\" src=\"https:\/\/www.arteypasiondelsur.com\/joyeria\/wp-content\/uploads\/sites\/2\/2020\/05\/diamantes-hechos-con-cenizas-6-495x400.jpg\" class=\"sow-slider-background-image\" alt=\"\" decoding=\"async\" loading=\"lazy\" style=\"\" srcset=\"https:\/\/www.arteypasiondelsur.com\/joyeria\/wp-content\/uploads\/sites\/2\/2020\/05\/diamantes-hechos-con-cenizas-6-495x400.jpg 495w, https:\/\/www.arteypasiondelsur.com\/joyeria\/wp-content\/uploads\/sites\/2\/2020\/05\/diamantes-hechos-con-cenizas-6-495x400-300x242.jpg 300w\" sizes=\"(max-width: 495px) 100vw, 495px\" \/>\t\t<\/li>\n\t\t\t\t<li class=\"sow-slider-image\" style=\"visibility: hidden;\" >\n\t\t\t\t\t\t<img width=\"495\" height=\"400\" src=\"https:\/\/www.arteypasiondelsur.com\/joyeria\/wp-content\/uploads\/sites\/2\/2020\/05\/diamantes-hechos-con-cenizas-5-495x400-2.jpg\" class=\"sow-slider-background-image\" alt=\"\" decoding=\"async\" loading=\"lazy\" style=\"\" srcset=\"https:\/\/www.arteypasiondelsur.com\/joyeria\/wp-content\/uploads\/sites\/2\/2020\/05\/diamantes-hechos-con-cenizas-5-495x400-2.jpg 495w, https:\/\/www.arteypasiondelsur.com\/joyeria\/wp-content\/uploads\/sites\/2\/2020\/05\/diamantes-hechos-con-cenizas-5-495x400-2-300x242.jpg 300w\" sizes=\"(max-width: 495px) 100vw, 495px\" \/>\t\t<\/li>\n\t\t\t\t<li class=\"sow-slider-image\" style=\"visibility: hidden;\" >\n\t\t\t\t\t\t<img width=\"495\" height=\"400\" src=\"https:\/\/www.arteypasiondelsur.com\/joyeria\/wp-content\/uploads\/sites\/2\/2020\/05\/diamantes-hechos-con-cenizas-4-495x400.jpg\" class=\"sow-slider-background-image\" alt=\"\" decoding=\"async\" loading=\"lazy\" style=\"\" srcset=\"https:\/\/www.arteypasiondelsur.com\/joyeria\/wp-content\/uploads\/sites\/2\/2020\/05\/diamantes-hechos-con-cenizas-4-495x400.jpg 495w, https:\/\/www.arteypasiondelsur.com\/joyeria\/wp-content\/uploads\/sites\/2\/2020\/05\/diamantes-hechos-con-cenizas-4-495x400-300x242.jpg 300w\" sizes=\"(max-width: 495px) 100vw, 495px\" \/>\t\t<\/li>\n\t\t\t\t<li class=\"sow-slider-image\" style=\"visibility: hidden;\" >\n\t\t\t\t\t\t<img width=\"495\" height=\"400\" src=\"https:\/\/www.arteypasiondelsur.com\/joyeria\/wp-content\/uploads\/sites\/2\/2020\/05\/diamantes-hechos-con-cenizas-2-495x400.jpg\" class=\"sow-slider-background-image\" alt=\"\" decoding=\"async\" loading=\"lazy\" style=\"\" srcset=\"https:\/\/www.arteypasiondelsur.com\/joyeria\/wp-content\/uploads\/sites\/2\/2020\/05\/diamantes-hechos-con-cenizas-2-495x400.jpg 495w, https:\/\/www.arteypasiondelsur.com\/joyeria\/wp-content\/uploads\/sites\/2\/2020\/05\/diamantes-hechos-con-cenizas-2-495x400-300x242.jpg 300w\" sizes=\"(max-width: 495px) 100vw, 495px\" \/>\t\t<\/li>\n\t\t\t\t<li class=\"sow-slider-image\" style=\"visibility: hidden;\" >\n\t\t\t\t\t\t<img width=\"495\" height=\"400\" src=\"https:\/\/www.arteypasiondelsur.com\/joyeria\/wp-content\/uploads\/sites\/2\/2020\/05\/diamantes-hechos-con-cenizas-3-495x400-1.jpg\" class=\"sow-slider-background-image\" alt=\"\" decoding=\"async\" loading=\"lazy\" style=\"\" srcset=\"https:\/\/www.arteypasiondelsur.com\/joyeria\/wp-content\/uploads\/sites\/2\/2020\/05\/diamantes-hechos-con-cenizas-3-495x400-1.jpg 495w, https:\/\/www.arteypasiondelsur.com\/joyeria\/wp-content\/uploads\/sites\/2\/2020\/05\/diamantes-hechos-con-cenizas-3-495x400-1-300x242.jpg 300w\" sizes=\"(max-width: 495px) 100vw, 495px\" \/>\t\t<\/li>\n\t\t\t\t<li class=\"sow-slider-image\" style=\"visibility: hidden;\" >\n\t\t\t\t\t\t<img width=\"495\" height=\"400\" src=\"https:\/\/www.arteypasiondelsur.com\/joyeria\/wp-content\/uploads\/sites\/2\/2020\/05\/diamantes-hechos-con-cenizas-1-495x400.jpg\" class=\"sow-slider-background-image\" alt=\"\" decoding=\"async\" loading=\"lazy\" style=\"\" srcset=\"https:\/\/www.arteypasiondelsur.com\/joyeria\/wp-content\/uploads\/sites\/2\/2020\/05\/diamantes-hechos-con-cenizas-1-495x400.jpg 495w, https:\/\/www.arteypasiondelsur.com\/joyeria\/wp-content\/uploads\/sites\/2\/2020\/05\/diamantes-hechos-con-cenizas-1-495x400-300x242.jpg 300w\" sizes=\"(max-width: 495px) 100vw, 495px\" \/>\t\t<\/li>\n\t\t<\/ul>\t\t\t\t<ol class=\"sow-slider-pagination\">\n\t\t\t\t\t\t\t\t\t\t\t<li><a href=\"#\" data-goto=\"0\" aria-label=\"mostrar diapositiva 1\"><\/a><\/li>\n\t\t\t\t\t\t\t\t\t\t\t<li><a href=\"#\" data-goto=\"1\" aria-label=\"mostrar diapositiva 2\"><\/a><\/li>\n\t\t\t\t\t\t\t\t\t\t\t<li><a href=\"#\" data-goto=\"2\" aria-label=\"mostrar diapositiva 3\"><\/a><\/li>\n\t\t\t\t\t\t\t\t\t\t\t<li><a href=\"#\" data-goto=\"3\" aria-label=\"mostrar diapositiva 4\"><\/a><\/li>\n\t\t\t\t\t\t\t\t\t\t\t<li><a href=\"#\" data-goto=\"4\" aria-label=\"mostrar diapositiva 5\"><\/a><\/li>\n\t\t\t\t\t\t\t\t\t\t\t<li><a href=\"#\" data-goto=\"5\" aria-label=\"mostrar diapositiva 6\"><\/a><\/li>\n\t\t\t\t\t\t\t\t\t<\/ol>\n\n\t\t\t\t<div class=\"sow-slide-nav sow-slide-nav-next\">\n\t\t\t\t\t<a href=\"#\" data-goto=\"next\" aria-label=\"diapositiva siguiente\" data-action=\"next\">\n\t\t\t\t\t\t<em class=\"sow-sld-icon-medium-right\"><\/em>\n\t\t\t\t\t<\/a>\n\t\t\t\t<\/div>\n\n\t\t\t\t<div class=\"sow-slide-nav sow-slide-nav-prev\">\n\t\t\t\t\t<a href=\"#\" data-goto=\"previous\" aria-label=\"diapositiva anterior\" data-action=\"prev\">\n\t\t\t\t\t\t<em class=\"sow-sld-icon-medium-left\"><\/em>\n\t\t\t\t\t<\/a>\n\t\t\t\t<\/div>\n\t\t\t\t<\/div><\/div><\/div><\/div><\/div><\/div><\/div><div id=\"pg-1510-2\"  class=\"panel-grid panel-has-style\" ><div class=\"panel-row-style panel-row-style-for-1510-2\" ><div id=\"pgc-1510-2-0\"  class=\"panel-grid-cell\" ><div id=\"panel-1510-2-0-0\" class=\"so-panel widget widget_sow-image panel-first-child panel-last-child\" data-index=\"3\" ><div class=\"panel-widget-style panel-widget-style-for-1510-2-0-0\" ><div\n\t\t\t\n\t\t\tclass=\"so-widget-sow-image so-widget-sow-image-default-c67d20f9f743-1510\"\n\t\t\t\n\t\t>\n<div class=\"sow-image-container\">\n\t\t<img \n\tsrc=\"https:\/\/www.arteypasiondelsur.com\/joyeria\/wp-content\/uploads\/sites\/2\/2020\/05\/diamantes_con_ceniza.jpg\" width=\"840\" height=\"320\" srcset=\"https:\/\/www.arteypasiondelsur.com\/joyeria\/wp-content\/uploads\/sites\/2\/2020\/05\/diamantes_con_ceniza.jpg 840w, https:\/\/www.arteypasiondelsur.com\/joyeria\/wp-content\/uploads\/sites\/2\/2020\/05\/diamantes_con_ceniza-300x114.jpg 300w, https:\/\/www.arteypasiondelsur.com\/joyeria\/wp-content\/uploads\/sites\/2\/2020\/05\/diamantes_con_ceniza-768x293.jpg 768w, https:\/\/www.arteypasiondelsur.com\/joyeria\/wp-content\/uploads\/sites\/2\/2020\/05\/diamantes_con_ceniza-510x194.jpg 510w\" sizes=\"(max-width: 840px) 100vw, 840px\" alt=\"\" loading=\"lazy\" \t\tclass=\"so-widget-image\"\/>\n\t<\/div>\n\n<\/div><\/div><\/div><\/div><div id=\"pgc-1510-2-1\"  class=\"panel-grid-cell\" ><div id=\"panel-1510-2-1-0\" class=\"so-panel widget widget_sow-editor panel-first-child panel-last-child\" data-index=\"4\" ><div\n\t\t\t\n\t\t\tclass=\"so-widget-sow-editor so-widget-sow-editor-base\"\n\t\t\t\n\t\t>\n<div class=\"siteorigin-widget-tinymce textwidget\">\n\t<p style=\"text-align: right;\">Un\u00a0<strong>mensajero privado<\/strong>\u00a0recoger\u00e1 las cenizas en tu domicilio en la hora y d\u00eda acordados.<\/p>\n<p style=\"text-align: right;\">Nuestro equipo producir\u00e1 el diamante en nuestras instalaciones\u00a0<strong>inform\u00e1ndote en cada fase del proceso<\/strong>.<\/p>\n<p style=\"text-align: right;\">Tras pasar nuestro\u00a0<strong>control final de calidad<\/strong>\u00a0te enviaremos tu diamante a casa por\u00a0<strong>mensajer\u00eda privada<\/strong>, y te llamaremos para asegurarnos que los ha recibido perfectamente y est\u00e1s satisfecho\/a.<\/p>\n<\/div>\n<\/div><\/div><\/div><\/div><\/div><\/div>","protected":false},"excerpt":{"rendered":"<div class=\"slide-text-bg2\"><span>Diamantes y joyas de distintas formas, tama\u00f1os y colores realizados a partir de las cenizas de nuestros seres queridos, o nuestras mascotas. Una bella man<\/span><\/div>\n<div class=\"slide-btn-area-sm\"><a href=\"https:\/\/www.arteypasiondelsur.com\/joyeria\/diamantes-cenizas\/\" class=\"slide-btn-sm\">Leer m\u00e1s<\/a><\/div>\n","protected":false},"author":3,"featured_media":0,"parent":0,"menu_order":0,"comment_status":"closed","ping_status":"closed","template":"fullwidth.php","meta":{"_monsterinsights_skip_tracking":false,"_monsterinsights_sitenote_active":false,"_monsterinsights_sitenote_note":"","_monsterinsights_sitenote_category":0},"yoast_head":"<!-- This site is optimized with the Yoast SEO plugin v20.5 - https:\/\/yoast.com\/wordpress\/plugins\/seo\/ -->\n<title>Diamantes hechos con cenizas - Ba\u00f1os de oro y plata. Restauraci\u00f3n de piezas met\u00e1licas y no met\u00e1licas<\/title>\n<meta name=\"description\" content=\"Diamantes hechos con cenizas\" \/>\n<meta name=\"robots\" content=\"index, follow, max-snippet:-1, max-image-preview:large, max-video-preview:-1\" \/>\n<link rel=\"canonical\" href=\"https:\/\/www.arteypasiondelsur.com\/joyeria\/diamantes-cenizas\/\" \/>\n<meta property=\"og:locale\" content=\"es_ES\" \/>\n<meta property=\"og:type\" content=\"article\" \/>\n<meta property=\"og:title\" content=\"Diamantes hechos con cenizas - Ba\u00f1os de oro y plata. Restauraci\u00f3n de piezas met\u00e1licas y no met\u00e1licas\" \/>\n<meta property=\"og:description\" content=\"Diamantes hechos con cenizas\" \/>\n<meta property=\"og:url\" content=\"https:\/\/www.arteypasiondelsur.com\/joyeria\/diamantes-cenizas\/\" \/>\n<meta property=\"og:site_name\" content=\"Ba\u00f1os de oro y plata. Restauraci\u00f3n de piezas met\u00e1licas y no met\u00e1licas\" \/>\n<meta property=\"article:publisher\" content=\"https:\/\/www.facebook.com\/Arte-y-Pasi%c3%b3n-del-Sur-1455244028069329\/?fref=ts\" \/>\n<meta property=\"article:modified_time\" content=\"2020-05-30T17:14:11+00:00\" \/>\n<meta property=\"og:image\" content=\"http:\/\/www.arteypasiondelsur.com\/joyeria\/wp-content\/uploads\/sites\/2\/2020\/05\/diamantes-hechos-con-cenizas-6-495x400.jpg\" \/>\n<meta name=\"twitter:label1\" content=\"Tiempo de lectura\" \/>\n\t<meta name=\"twitter:data1\" content=\"1 minuto\" \/>\n<script type=\"application\/ld+json\" class=\"yoast-schema-graph\">{\"@context\":\"https:\/\/schema.org\",\"@graph\":[{\"@type\":\"WebPage\",\"@id\":\"https:\/\/www.arteypasiondelsur.com\/joyeria\/diamantes-cenizas\/\",\"url\":\"https:\/\/www.arteypasiondelsur.com\/joyeria\/diamantes-cenizas\/\",\"name\":\"Diamantes hechos con cenizas - Ba\u00f1os de oro y plata. Restauraci\u00f3n de piezas met\u00e1licas y no met\u00e1licas\",\"isPartOf\":{\"@id\":\"https:\/\/www.arteypasiondelsur.com\/joyeria\/#website\"},\"datePublished\":\"2020-05-30T16:04:51+00:00\",\"dateModified\":\"2020-05-30T17:14:11+00:00\",\"description\":\"Diamantes hechos con cenizas\",\"breadcrumb\":{\"@id\":\"https:\/\/www.arteypasiondelsur.com\/joyeria\/diamantes-cenizas\/#breadcrumb\"},\"inLanguage\":\"es\",\"potentialAction\":[{\"@type\":\"ReadAction\",\"target\":[\"https:\/\/www.arteypasiondelsur.com\/joyeria\/diamantes-cenizas\/\"]}]},{\"@type\":\"BreadcrumbList\",\"@id\":\"https:\/\/www.arteypasiondelsur.com\/joyeria\/diamantes-cenizas\/#breadcrumb\",\"itemListElement\":[{\"@type\":\"ListItem\",\"position\":1,\"name\":\"Portada\",\"item\":\"https:\/\/www.arteypasiondelsur.com\/joyeria\/\"},{\"@type\":\"ListItem\",\"position\":2,\"name\":\"Diamantes hechos con cenizas\"}]},{\"@type\":\"WebSite\",\"@id\":\"https:\/\/www.arteypasiondelsur.com\/joyeria\/#website\",\"url\":\"https:\/\/www.arteypasiondelsur.com\/joyeria\/\",\"name\":\"Ba\u00f1os de oro y plata. Restauraci\u00f3n de piezas met\u00e1licas y no met\u00e1licas\",\"description\":\"Ba\u00f1os de oro, plata y restauraci\u00f3n de todo tipo de piezas; met\u00e1licas y no met\u00e1licas con total garant\u00eda\",\"publisher\":{\"@id\":\"https:\/\/www.arteypasiondelsur.com\/joyeria\/#organization\"},\"potentialAction\":[{\"@type\":\"SearchAction\",\"target\":{\"@type\":\"EntryPoint\",\"urlTemplate\":\"https:\/\/www.arteypasiondelsur.com\/joyeria\/?s={search_term_string}\"},\"query-input\":\"required name=search_term_string\"}],\"inLanguage\":\"es\"},{\"@type\":\"Organization\",\"@id\":\"https:\/\/www.arteypasiondelsur.com\/joyeria\/#organization\",\"name\":\"Ba\u00f1os de oro y plata. Restauraci\u00f3n de piezas met\u00e1licas y no met\u00e1licas\",\"url\":\"https:\/\/www.arteypasiondelsur.com\/joyeria\/\",\"logo\":{\"@type\":\"ImageObject\",\"inLanguage\":\"es\",\"@id\":\"https:\/\/www.arteypasiondelsur.com\/joyeria\/#\/schema\/logo\/image\/\",\"url\":\"https:\/\/www.arteypasiondelsur.com\/joyeria\/wp-content\/uploads\/sites\/2\/2017\/08\/cropped-ayp_web.jpg\",\"contentUrl\":\"https:\/\/www.arteypasiondelsur.com\/joyeria\/wp-content\/uploads\/sites\/2\/2017\/08\/cropped-ayp_web.jpg\",\"width\":150,\"height\":56,\"caption\":\"Ba\u00f1os de oro y plata. Restauraci\u00f3n de piezas met\u00e1licas y no met\u00e1licas\"},\"image\":{\"@id\":\"https:\/\/www.arteypasiondelsur.com\/joyeria\/#\/schema\/logo\/image\/\"},\"sameAs\":[\"https:\/\/www.facebook.com\/Arte-y-Pasi\u00f3n-del-Sur-1455244028069329\/?fref=ts\",\"https:\/\/twitter.com\/ArteYPasionSur\"]}]}<\/script>\n<!-- \/ Yoast SEO plugin. -->","yoast_head_json":{"title":"Diamantes hechos con cenizas - Ba\u00f1os de oro y plata. Restauraci\u00f3n de piezas met\u00e1licas y no met\u00e1licas","description":"Diamantes hechos con cenizas","robots":{"index":"index","follow":"follow","max-snippet":"max-snippet:-1","max-image-preview":"max-image-preview:large","max-video-preview":"max-video-preview:-1"},"canonical":"https:\/\/www.arteypasiondelsur.com\/joyeria\/diamantes-cenizas\/","og_locale":"es_ES","og_type":"article","og_title":"Diamantes hechos con cenizas - Ba\u00f1os de oro y plata. Restauraci\u00f3n de piezas met\u00e1licas y no met\u00e1licas","og_description":"Diamantes hechos con cenizas","og_url":"https:\/\/www.arteypasiondelsur.com\/joyeria\/diamantes-cenizas\/","og_site_name":"Ba\u00f1os de oro y plata. Restauraci\u00f3n de piezas met\u00e1licas y no met\u00e1licas","article_publisher":"https:\/\/www.facebook.com\/Arte-y-Pasi%c3%b3n-del-Sur-1455244028069329\/?fref=ts","article_modified_time":"2020-05-30T17:14:11+00:00","og_image":[{"url":"http:\/\/www.arteypasiondelsur.com\/joyeria\/wp-content\/uploads\/sites\/2\/2020\/05\/diamantes-hechos-con-cenizas-6-495x400.jpg"}],"twitter_misc":{"Tiempo de lectura":"1 minuto"},"schema":{"@context":"https:\/\/schema.org","@graph":[{"@type":"WebPage","@id":"https:\/\/www.arteypasiondelsur.com\/joyeria\/diamantes-cenizas\/","url":"https:\/\/www.arteypasiondelsur.com\/joyeria\/diamantes-cenizas\/","name":"Diamantes hechos con cenizas - Ba\u00f1os de oro y plata. Restauraci\u00f3n de piezas met\u00e1licas y no met\u00e1licas","isPartOf":{"@id":"https:\/\/www.arteypasiondelsur.com\/joyeria\/#website"},"datePublished":"2020-05-30T16:04:51+00:00","dateModified":"2020-05-30T17:14:11+00:00","description":"Diamantes hechos con cenizas","breadcrumb":{"@id":"https:\/\/www.arteypasiondelsur.com\/joyeria\/diamantes-cenizas\/#breadcrumb"},"inLanguage":"es","potentialAction":[{"@type":"ReadAction","target":["https:\/\/www.arteypasiondelsur.com\/joyeria\/diamantes-cenizas\/"]}]},{"@type":"BreadcrumbList","@id":"https:\/\/www.arteypasiondelsur.com\/joyeria\/diamantes-cenizas\/#breadcrumb","itemListElement":[{"@type":"ListItem","position":1,"name":"Portada","item":"https:\/\/www.arteypasiondelsur.com\/joyeria\/"},{"@type":"ListItem","position":2,"name":"Diamantes hechos con cenizas"}]},{"@type":"WebSite","@id":"https:\/\/www.arteypasiondelsur.com\/joyeria\/#website","url":"https:\/\/www.arteypasiondelsur.com\/joyeria\/","name":"Ba\u00f1os de oro y plata. Restauraci\u00f3n de piezas met\u00e1licas y no met\u00e1licas","description":"Ba\u00f1os de oro, plata y restauraci\u00f3n de todo tipo de piezas; met\u00e1licas y no met\u00e1licas con total garant\u00eda","publisher":{"@id":"https:\/\/www.arteypasiondelsur.com\/joyeria\/#organization"},"potentialAction":[{"@type":"SearchAction","target":{"@type":"EntryPoint","urlTemplate":"https:\/\/www.arteypasiondelsur.com\/joyeria\/?s={search_term_string}"},"query-input":"required name=search_term_string"}],"inLanguage":"es"},{"@type":"Organization","@id":"https:\/\/www.arteypasiondelsur.com\/joyeria\/#organization","name":"Ba\u00f1os de oro y plata. Restauraci\u00f3n de piezas met\u00e1licas y no met\u00e1licas","url":"https:\/\/www.arteypasiondelsur.com\/joyeria\/","logo":{"@type":"ImageObject","inLanguage":"es","@id":"https:\/\/www.arteypasiondelsur.com\/joyeria\/#\/schema\/logo\/image\/","url":"https:\/\/www.arteypasiondelsur.com\/joyeria\/wp-content\/uploads\/sites\/2\/2017\/08\/cropped-ayp_web.jpg","contentUrl":"https:\/\/www.arteypasiondelsur.com\/joyeria\/wp-content\/uploads\/sites\/2\/2017\/08\/cropped-ayp_web.jpg","width":150,"height":56,"caption":"Ba\u00f1os de oro y plata. Restauraci\u00f3n de piezas met\u00e1licas y no met\u00e1licas"},"image":{"@id":"https:\/\/www.arteypasiondelsur.com\/joyeria\/#\/schema\/logo\/image\/"},"sameAs":["https:\/\/www.facebook.com\/Arte-y-Pasi\u00f3n-del-Sur-1455244028069329\/?fref=ts","https:\/\/twitter.com\/ArteYPasionSur"]}]}},"_links":{"self":[{"href":"https:\/\/www.arteypasiondelsur.com\/joyeria\/wp-json\/wp\/v2\/pages\/1510"}],"collection":[{"href":"https:\/\/www.arteypasiondelsur.com\/joyeria\/wp-json\/wp\/v2\/pages"}],"about":[{"href":"https:\/\/www.arteypasiondelsur.com\/joyeria\/wp-json\/wp\/v2\/types\/page"}],"author":[{"embeddable":true,"href":"https:\/\/www.arteypasiondelsur.com\/joyeria\/wp-json\/wp\/v2\/users\/3"}],"replies":[{"embeddable":true,"href":"https:\/\/www.arteypasiondelsur.com\/joyeria\/wp-json\/wp\/v2\/comments?post=1510"}],"version-history":[{"count":103,"href":"https:\/\/www.arteypasiondelsur.com\/joyeria\/wp-json\/wp\/v2\/pages\/1510\/revisions"}],"predecessor-version":[{"id":1626,"href":"https:\/\/www.arteypasiondelsur.com\/joyeria\/wp-json\/wp\/v2\/pages\/1510\/revisions\/1626"}],"wp:attachment":[{"href":"https:\/\/www.arteypasiondelsur.com\/joyeria\/wp-json\/wp\/v2\/media?parent=1510"}],"curies":[{"name":"wp","href":"https:\/\/api.w.org\/{rel}","templated":true}]}}