{"id":1411,"date":"2020-05-30T16:54:42","date_gmt":"2020-05-30T14:54:42","guid":{"rendered":"http:\/\/www.arteypasiondelsur.com\/joyeria\/?page_id=1411"},"modified":"2020-05-30T18:03:49","modified_gmt":"2020-05-30T16:03:49","slug":"cristales-in-memoriam","status":"publish","type":"page","link":"https:\/\/www.arteypasiondelsur.com\/joyeria\/cristales-in-memoriam\/","title":{"rendered":"Cristales In Memoriam"},"content":{"rendered":"<div id=\"pl-1411\"  class=\"panel-layout\" ><div id=\"pg-1411-0\"  class=\"panel-grid panel-no-style\" ><div id=\"pgc-1411-0-0\"  class=\"panel-grid-cell\" ><div id=\"panel-1411-0-0-0\" class=\"so-panel widget widget_sow-headline panel-first-child panel-last-child\" data-index=\"0\" ><div\n\t\t\t\n\t\t\tclass=\"so-widget-sow-headline so-widget-sow-headline-default-3784506c02b8-1411\"\n\t\t\t\n\t\t><div class=\"sow-headline-container \">\n\t\t\t\t\t\t\t<h1 class=\"sow-headline\">\n\t\t\t\t\t\tCristales con cenizas\t\t\t\t\t\t<\/h1>\n\t\t\t\t\t\t\t\t\t\t\t\t<h4 class=\"sow-sub-headline\">\n\t\t\t\t\t\tConsigue un recuerdo para toda la vida con nuestros cristales de bohemia con cenizas integradas. Estos cristales, adem\u00e1s, est\u00e1n registrados con un c\u00f3digo \u00fanico y se entregan con un certificado que garantiza su autenticidad.\t\t\t\t\t\t<\/h4>\n\t\t\t\t\t\t<\/div>\n<\/div><\/div><\/div><\/div><div id=\"pg-1411-1\"  class=\"panel-grid panel-no-style\" ><div id=\"pgc-1411-1-0\"  class=\"panel-grid-cell\" ><div id=\"panel-1411-1-0-0\" class=\"so-panel widget widget_sow-image panel-first-child\" data-index=\"1\" ><div\n\t\t\t\n\t\t\tclass=\"so-widget-sow-image so-widget-sow-image-default-8b5b6f678277-1411\"\n\t\t\t\n\t\t>\n<div class=\"sow-image-container\">\n\t\t<img \n\tsrc=\"https:\/\/www.arteypasiondelsur.com\/joyeria\/wp-content\/uploads\/sites\/2\/2020\/05\/arbol_de_la_vida_mini_urna-450x450.jpg\" width=\"450\" height=\"450\" srcset=\"https:\/\/www.arteypasiondelsur.com\/joyeria\/wp-content\/uploads\/sites\/2\/2020\/05\/arbol_de_la_vida_mini_urna-450x450.jpg 450w, https:\/\/www.arteypasiondelsur.com\/joyeria\/wp-content\/uploads\/sites\/2\/2020\/05\/arbol_de_la_vida_mini_urna-450x450-150x150.jpg 150w, https:\/\/www.arteypasiondelsur.com\/joyeria\/wp-content\/uploads\/sites\/2\/2020\/05\/arbol_de_la_vida_mini_urna-450x450-300x300.jpg 300w, https:\/\/www.arteypasiondelsur.com\/joyeria\/wp-content\/uploads\/sites\/2\/2020\/05\/arbol_de_la_vida_mini_urna-450x450-157x157.jpg 157w, https:\/\/www.arteypasiondelsur.com\/joyeria\/wp-content\/uploads\/sites\/2\/2020\/05\/arbol_de_la_vida_mini_urna-450x450-400x400.jpg 400w\" sizes=\"(max-width: 450px) 100vw, 450px\" alt=\"\" loading=\"lazy\" \t\tclass=\"so-widget-image\"\/>\n\t<\/div>\n\n<h3 class=\"widget-title\"><\/h3><\/div><\/div><div id=\"panel-1411-1-0-1\" class=\"so-panel widget widget_sow-editor panel-last-child\" data-index=\"2\" ><div class=\"panel-widget-style panel-widget-style-for-1411-1-0-1\" ><div\n\t\t\t\n\t\t\tclass=\"so-widget-sow-editor so-widget-sow-editor-base\"\n\t\t\t\n\t\t>\n<div class=\"siteorigin-widget-tinymce textwidget\">\n\t<h4 style=\"text-align: center;\"><strong>\u00c1rbol de la vida 190\u20ac<\/strong><\/h4><\/div>\n<\/div><\/div><\/div><\/div><div id=\"pgc-1411-1-1\"  class=\"panel-grid-cell\" ><div id=\"panel-1411-1-1-0\" class=\"so-panel widget widget_sow-image panel-first-child\" data-index=\"3\" ><div\n\t\t\t\n\t\t\tclass=\"so-widget-sow-image so-widget-sow-image-default-8b5b6f678277-1411\"\n\t\t\t\n\t\t>\n<div class=\"sow-image-container\">\n\t\t<img \n\tsrc=\"https:\/\/www.arteypasiondelsur.com\/joyeria\/wp-content\/uploads\/sites\/2\/2020\/05\/golondrinas_mini_urna-450x450.jpg\" width=\"450\" height=\"450\" srcset=\"https:\/\/www.arteypasiondelsur.com\/joyeria\/wp-content\/uploads\/sites\/2\/2020\/05\/golondrinas_mini_urna-450x450.jpg 450w, https:\/\/www.arteypasiondelsur.com\/joyeria\/wp-content\/uploads\/sites\/2\/2020\/05\/golondrinas_mini_urna-450x450-150x150.jpg 150w, https:\/\/www.arteypasiondelsur.com\/joyeria\/wp-content\/uploads\/sites\/2\/2020\/05\/golondrinas_mini_urna-450x450-300x300.jpg 300w, https:\/\/www.arteypasiondelsur.com\/joyeria\/wp-content\/uploads\/sites\/2\/2020\/05\/golondrinas_mini_urna-450x450-157x157.jpg 157w, https:\/\/www.arteypasiondelsur.com\/joyeria\/wp-content\/uploads\/sites\/2\/2020\/05\/golondrinas_mini_urna-450x450-400x400.jpg 400w\" sizes=\"(max-width: 450px) 100vw, 450px\" alt=\"\" loading=\"lazy\" \t\tclass=\"so-widget-image\"\/>\n\t<\/div>\n\n<h3 class=\"widget-title\"><\/h3><\/div><\/div><div id=\"panel-1411-1-1-1\" class=\"so-panel widget widget_sow-editor panel-last-child\" data-index=\"4\" ><div class=\"panel-widget-style panel-widget-style-for-1411-1-1-1\" ><div\n\t\t\t\n\t\t\tclass=\"so-widget-sow-editor so-widget-sow-editor-base\"\n\t\t\t\n\t\t>\n<div class=\"siteorigin-widget-tinymce textwidget\">\n\t<h4 style=\"text-align: center;\"><strong>Golondrina mini urna 95\u20ac<\/strong><\/h4><\/div>\n<\/div><\/div><\/div><\/div><div id=\"pgc-1411-1-2\"  class=\"panel-grid-cell\" ><div id=\"panel-1411-1-2-0\" class=\"so-panel widget widget_sow-image panel-first-child\" data-index=\"5\" ><div\n\t\t\t\n\t\t\tclass=\"so-widget-sow-image so-widget-sow-image-default-8b5b6f678277-1411\"\n\t\t\t\n\t\t>\n<div class=\"sow-image-container\">\n\t\t<img \n\tsrc=\"https:\/\/www.arteypasiondelsur.com\/joyeria\/wp-content\/uploads\/sites\/2\/2020\/05\/charm-simple-1.jpg\" width=\"500\" height=\"500\" srcset=\"https:\/\/www.arteypasiondelsur.com\/joyeria\/wp-content\/uploads\/sites\/2\/2020\/05\/charm-simple-1.jpg 500w, https:\/\/www.arteypasiondelsur.com\/joyeria\/wp-content\/uploads\/sites\/2\/2020\/05\/charm-simple-1-150x150.jpg 150w, https:\/\/www.arteypasiondelsur.com\/joyeria\/wp-content\/uploads\/sites\/2\/2020\/05\/charm-simple-1-300x300.jpg 300w, https:\/\/www.arteypasiondelsur.com\/joyeria\/wp-content\/uploads\/sites\/2\/2020\/05\/charm-simple-1-157x157.jpg 157w, https:\/\/www.arteypasiondelsur.com\/joyeria\/wp-content\/uploads\/sites\/2\/2020\/05\/charm-simple-1-400x400.jpg 400w\" sizes=\"(max-width: 500px) 100vw, 500px\" alt=\"\" loading=\"lazy\" \t\tclass=\"so-widget-image\"\/>\n\t<\/div>\n\n<\/div><\/div><div id=\"panel-1411-1-2-1\" class=\"so-panel widget widget_sow-editor panel-last-child\" data-index=\"6\" ><div\n\t\t\t\n\t\t\tclass=\"so-widget-sow-editor so-widget-sow-editor-base\"\n\t\t\t\n\t\t>\n<div class=\"siteorigin-widget-tinymce textwidget\">\n\t<h4 style=\"text-align: center;\"><strong>Charm 250\u20ac<\/strong><\/h4><\/div>\n<\/div><\/div><\/div><div id=\"pgc-1411-1-3\"  class=\"panel-grid-cell\" ><div id=\"panel-1411-1-3-0\" class=\"so-panel widget widget_sow-image panel-first-child\" data-index=\"7\" ><div\n\t\t\t\n\t\t\tclass=\"so-widget-sow-image so-widget-sow-image-default-8b5b6f678277-1411\"\n\t\t\t\n\t\t>\n<div class=\"sow-image-container\">\n\t\t<img \n\tsrc=\"https:\/\/www.arteypasiondelsur.com\/joyeria\/wp-content\/uploads\/sites\/2\/2020\/05\/corazon-de-cristal.jpg\" width=\"500\" height=\"500\" srcset=\"https:\/\/www.arteypasiondelsur.com\/joyeria\/wp-content\/uploads\/sites\/2\/2020\/05\/corazon-de-cristal.jpg 500w, https:\/\/www.arteypasiondelsur.com\/joyeria\/wp-content\/uploads\/sites\/2\/2020\/05\/corazon-de-cristal-150x150.jpg 150w, https:\/\/www.arteypasiondelsur.com\/joyeria\/wp-content\/uploads\/sites\/2\/2020\/05\/corazon-de-cristal-300x300.jpg 300w, https:\/\/www.arteypasiondelsur.com\/joyeria\/wp-content\/uploads\/sites\/2\/2020\/05\/corazon-de-cristal-157x157.jpg 157w, https:\/\/www.arteypasiondelsur.com\/joyeria\/wp-content\/uploads\/sites\/2\/2020\/05\/corazon-de-cristal-400x400.jpg 400w\" sizes=\"(max-width: 500px) 100vw, 500px\" alt=\"\" loading=\"lazy\" \t\tclass=\"so-widget-image\"\/>\n\t<\/div>\n\n<\/div><\/div><div id=\"panel-1411-1-3-1\" class=\"so-panel widget widget_sow-editor panel-last-child\" data-index=\"8\" ><div\n\t\t\t\n\t\t\tclass=\"so-widget-sow-editor so-widget-sow-editor-base\"\n\t\t\t\n\t\t>\n<div class=\"siteorigin-widget-tinymce textwidget\">\n\t<h4 style=\"text-align: center;\"><strong>Coraz\u00f3n de cristal 250\u20ac<\/strong><\/h4><\/div>\n<\/div><\/div><\/div><\/div><div id=\"pg-1411-2\"  class=\"panel-grid panel-no-style\" ><div id=\"pgc-1411-2-0\"  class=\"panel-grid-cell\" ><div id=\"panel-1411-2-0-0\" class=\"so-panel widget widget_sow-image panel-first-child\" data-index=\"9\" ><div\n\t\t\t\n\t\t\tclass=\"so-widget-sow-image so-widget-sow-image-default-8b5b6f678277-1411\"\n\t\t\t\n\t\t>\n<div class=\"sow-image-container\">\n\t\t<img \n\tsrc=\"https:\/\/www.arteypasiondelsur.com\/joyeria\/wp-content\/uploads\/sites\/2\/2020\/05\/retratos-laser-personas.jpg\" width=\"500\" height=\"500\" srcset=\"https:\/\/www.arteypasiondelsur.com\/joyeria\/wp-content\/uploads\/sites\/2\/2020\/05\/retratos-laser-personas.jpg 500w, https:\/\/www.arteypasiondelsur.com\/joyeria\/wp-content\/uploads\/sites\/2\/2020\/05\/retratos-laser-personas-150x150.jpg 150w, https:\/\/www.arteypasiondelsur.com\/joyeria\/wp-content\/uploads\/sites\/2\/2020\/05\/retratos-laser-personas-300x300.jpg 300w, https:\/\/www.arteypasiondelsur.com\/joyeria\/wp-content\/uploads\/sites\/2\/2020\/05\/retratos-laser-personas-157x157.jpg 157w, https:\/\/www.arteypasiondelsur.com\/joyeria\/wp-content\/uploads\/sites\/2\/2020\/05\/retratos-laser-personas-400x400.jpg 400w\" sizes=\"(max-width: 500px) 100vw, 500px\" alt=\"\" loading=\"lazy\" \t\tclass=\"so-widget-image\"\/>\n\t<\/div>\n\n<h3 class=\"widget-title\"><\/h3><\/div><\/div><div id=\"panel-1411-2-0-1\" class=\"so-panel widget widget_sow-editor panel-last-child\" data-index=\"10\" ><div class=\"panel-widget-style panel-widget-style-for-1411-2-0-1\" ><div\n\t\t\t\n\t\t\tclass=\"so-widget-sow-editor so-widget-sow-editor-base\"\n\t\t\t\n\t\t>\n<div class=\"siteorigin-widget-tinymce textwidget\">\n\t<h4 style=\"text-align: center;\"><strong>Retrato l\u00e1ser 297\u20ac<\/strong><\/h4><\/div>\n<\/div><\/div><\/div><\/div><div id=\"pgc-1411-2-1\"  class=\"panel-grid-cell\" ><div id=\"panel-1411-2-1-0\" class=\"so-panel widget widget_sow-image panel-first-child\" data-index=\"11\" ><div\n\t\t\t\n\t\t\tclass=\"so-widget-sow-image so-widget-sow-image-default-8b5b6f678277-1411\"\n\t\t\t\n\t\t>\n<div class=\"sow-image-container\">\n\t\t<img \n\tsrc=\"https:\/\/www.arteypasiondelsur.com\/joyeria\/wp-content\/uploads\/sites\/2\/2020\/05\/lagrima.jpg\" width=\"500\" height=\"500\" srcset=\"https:\/\/www.arteypasiondelsur.com\/joyeria\/wp-content\/uploads\/sites\/2\/2020\/05\/lagrima.jpg 500w, https:\/\/www.arteypasiondelsur.com\/joyeria\/wp-content\/uploads\/sites\/2\/2020\/05\/lagrima-150x150.jpg 150w, https:\/\/www.arteypasiondelsur.com\/joyeria\/wp-content\/uploads\/sites\/2\/2020\/05\/lagrima-300x300.jpg 300w, https:\/\/www.arteypasiondelsur.com\/joyeria\/wp-content\/uploads\/sites\/2\/2020\/05\/lagrima-157x157.jpg 157w, https:\/\/www.arteypasiondelsur.com\/joyeria\/wp-content\/uploads\/sites\/2\/2020\/05\/lagrima-400x400.jpg 400w\" sizes=\"(max-width: 500px) 100vw, 500px\" alt=\"\" loading=\"lazy\" \t\tclass=\"so-widget-image\"\/>\n\t<\/div>\n\n<h3 class=\"widget-title\"><\/h3><\/div><\/div><div id=\"panel-1411-2-1-1\" class=\"so-panel widget widget_sow-editor panel-last-child\" data-index=\"12\" ><div class=\"panel-widget-style panel-widget-style-for-1411-2-1-1\" ><div\n\t\t\t\n\t\t\tclass=\"so-widget-sow-editor so-widget-sow-editor-base\"\n\t\t\t\n\t\t>\n<div class=\"siteorigin-widget-tinymce textwidget\">\n\t<h4 style=\"text-align: center;\"><strong>L\u00e1grima 250\u20ac<\/strong><\/h4><\/div>\n<\/div><\/div><\/div><\/div><div id=\"pgc-1411-2-2\"  class=\"panel-grid-cell\" ><div id=\"panel-1411-2-2-0\" class=\"so-panel widget widget_sow-image panel-first-child\" data-index=\"13\" ><div\n\t\t\t\n\t\t\tclass=\"so-widget-sow-image so-widget-sow-image-default-8b5b6f678277-1411\"\n\t\t\t\n\t\t>\n<div class=\"sow-image-container\">\n\t\t<img \n\tsrc=\"https:\/\/www.arteypasiondelsur.com\/joyeria\/wp-content\/uploads\/sites\/2\/2020\/05\/gota-de-agua.jpg\" width=\"500\" height=\"500\" srcset=\"https:\/\/www.arteypasiondelsur.com\/joyeria\/wp-content\/uploads\/sites\/2\/2020\/05\/gota-de-agua.jpg 500w, https:\/\/www.arteypasiondelsur.com\/joyeria\/wp-content\/uploads\/sites\/2\/2020\/05\/gota-de-agua-150x150.jpg 150w, https:\/\/www.arteypasiondelsur.com\/joyeria\/wp-content\/uploads\/sites\/2\/2020\/05\/gota-de-agua-300x300.jpg 300w, https:\/\/www.arteypasiondelsur.com\/joyeria\/wp-content\/uploads\/sites\/2\/2020\/05\/gota-de-agua-157x157.jpg 157w, https:\/\/www.arteypasiondelsur.com\/joyeria\/wp-content\/uploads\/sites\/2\/2020\/05\/gota-de-agua-400x400.jpg 400w\" sizes=\"(max-width: 500px) 100vw, 500px\" alt=\"\" loading=\"lazy\" \t\tclass=\"so-widget-image\"\/>\n\t<\/div>\n\n<\/div><\/div><div id=\"panel-1411-2-2-1\" class=\"so-panel widget widget_sow-editor panel-last-child\" data-index=\"14\" ><div\n\t\t\t\n\t\t\tclass=\"so-widget-sow-editor so-widget-sow-editor-base\"\n\t\t\t\n\t\t>\n<div class=\"siteorigin-widget-tinymce textwidget\">\n\t<h4 style=\"text-align: center;\"><strong>Gota de agua 250\u20ac<\/strong><\/h4><\/div>\n<\/div><\/div><\/div><div id=\"pgc-1411-2-3\"  class=\"panel-grid-cell\" ><div id=\"panel-1411-2-3-0\" class=\"so-panel widget widget_sow-image panel-first-child\" data-index=\"15\" ><div\n\t\t\t\n\t\t\tclass=\"so-widget-sow-image so-widget-sow-image-default-8b5b6f678277-1411\"\n\t\t\t\n\t\t>\n<div class=\"sow-image-container\">\n\t\t<img \n\tsrc=\"https:\/\/www.arteypasiondelsur.com\/joyeria\/wp-content\/uploads\/sites\/2\/2020\/05\/hoja-aurumm.jpg\" width=\"500\" height=\"500\" srcset=\"https:\/\/www.arteypasiondelsur.com\/joyeria\/wp-content\/uploads\/sites\/2\/2020\/05\/hoja-aurumm.jpg 500w, https:\/\/www.arteypasiondelsur.com\/joyeria\/wp-content\/uploads\/sites\/2\/2020\/05\/hoja-aurumm-150x150.jpg 150w, https:\/\/www.arteypasiondelsur.com\/joyeria\/wp-content\/uploads\/sites\/2\/2020\/05\/hoja-aurumm-300x300.jpg 300w, https:\/\/www.arteypasiondelsur.com\/joyeria\/wp-content\/uploads\/sites\/2\/2020\/05\/hoja-aurumm-157x157.jpg 157w, https:\/\/www.arteypasiondelsur.com\/joyeria\/wp-content\/uploads\/sites\/2\/2020\/05\/hoja-aurumm-400x400.jpg 400w\" sizes=\"(max-width: 500px) 100vw, 500px\" alt=\"\" loading=\"lazy\" \t\tclass=\"so-widget-image\"\/>\n\t<\/div>\n\n<\/div><\/div><div id=\"panel-1411-2-3-1\" class=\"so-panel widget widget_sow-editor panel-last-child\" data-index=\"16\" ><div\n\t\t\t\n\t\t\tclass=\"so-widget-sow-editor so-widget-sow-editor-base\"\n\t\t\t\n\t\t>\n<div class=\"siteorigin-widget-tinymce textwidget\">\n\t<h4 style=\"text-align: center;\"><strong>Hoja de Aurum 250\u20ac<\/strong><\/h4><\/div>\n<\/div><\/div><\/div><\/div><div id=\"pg-1411-3\"  class=\"panel-grid panel-no-style\" ><div id=\"pgc-1411-3-0\"  class=\"panel-grid-cell\" ><div id=\"panel-1411-3-0-0\" class=\"so-panel widget widget_sow-hero panel-first-child panel-last-child\" data-index=\"17\" ><div\n\t\t\t\n\t\t\tclass=\"so-widget-sow-hero so-widget-sow-hero-default-4dbf8d3b4881-1411\"\n\t\t\t\n\t\t>\t\t\t\t<div class=\"sow-slider-base\" style=\"display: none\" tabindex=\"0\">\n\t\t\t\t\t<ul\n\t\t\t\t\tclass=\"sow-slider-images\"\n\t\t\t\t\tdata-settings=\"{&quot;pagination&quot;:true,&quot;speed&quot;:800,&quot;timeout&quot;:8000,&quot;paused&quot;:false,&quot;pause_on_hover&quot;:false,&quot;swipe&quot;:false,&quot;nav_always_show_desktop&quot;:&quot;&quot;,&quot;nav_always_show_mobile&quot;:&quot;&quot;,&quot;breakpoint&quot;:&quot;780px&quot;,&quot;unmute&quot;:false,&quot;anchor&quot;:null}\"\n\t\t\t\t\t\t\t\t\t\tdata-anchor-id=\"\"\n\t\t\t\t>\t\t<li class=\"sow-slider-image  sow-slider-image-cover\" style=\"visibility: visible;;background-color: #333333\" >\n\t\t\t\t\t<div class=\"sow-slider-image-container\">\n\t\t\t<div class=\"sow-slider-image-wrapper\">\n\t\t\t\t<h2 style=\"text-align: right\">\u00bfNecesita m\u00e1s informaci\u00f3n?<\/h2>\n<div class=\"sow-hero-buttons\" style=\"text-align: right\"><div\n\t\t\t\n\t\t\tclass=\"so-widget-sow-button so-widget-sow-button-wire-6166876979b4\"\n\t\t\t\n\t\t><div class=\"ow-button-base ow-button-align-left\"\n>\n\t\t\t<a\n\t\t\t\t\thref=\"http:\/\/www.arteypasiondelsur.com\/joyeria\/contacto\/\"\n\t\t\t\t\tclass=\"sowb-button ow-icon-placement-left\" \t>\n\t\t<span>\n\t\t\t\n\t\t\tContactar\t\t<\/span>\n\t\t\t<\/a>\n\t<\/div>\n<\/div><\/div>\t\t\t<\/div>\n\t\t<\/div>\n\t\t<div class=\"sow-slider-image-overlay sow-slider-image-cover\" style=\"opacity: 0.7;background-image: url(https:\/\/www.arteypasiondelsur.com\/joyeria\/wp-content\/uploads\/sites\/2\/2020\/05\/cabecera-cristales.jpg)\"  ><\/div>\t\t<\/li>\n\t\t<\/ul>\t\t\t\t<ol class=\"sow-slider-pagination\">\n\t\t\t\t\t\t\t\t\t\t\t<li><a href=\"#\" data-goto=\"0\" aria-label=\"mostrar diapositiva 1\"><\/a><\/li>\n\t\t\t\t\t\t\t\t\t<\/ol>\n\n\t\t\t\t<div class=\"sow-slide-nav sow-slide-nav-next\">\n\t\t\t\t\t<a href=\"#\" data-goto=\"next\" aria-label=\"diapositiva siguiente\" data-action=\"next\">\n\t\t\t\t\t\t<em class=\"sow-sld-icon-thin-right\"><\/em>\n\t\t\t\t\t<\/a>\n\t\t\t\t<\/div>\n\n\t\t\t\t<div class=\"sow-slide-nav sow-slide-nav-prev\">\n\t\t\t\t\t<a href=\"#\" data-goto=\"previous\" aria-label=\"diapositiva anterior\" data-action=\"prev\">\n\t\t\t\t\t\t<em class=\"sow-sld-icon-thin-left\"><\/em>\n\t\t\t\t\t<\/a>\n\t\t\t\t<\/div>\n\t\t\t\t<\/div><\/div><\/div><\/div><\/div><\/div>","protected":false},"excerpt":{"rendered":"<div class=\"slide-text-bg2\"><span>\u00c1rbol de la vida 190\u20ac Golondrina mini urna 95\u20ac Charm 250\u20ac Coraz\u00f3n de cristal 250\u20ac<\/span><\/div>\n","protected":false},"author":3,"featured_media":0,"parent":0,"menu_order":0,"comment_status":"closed","ping_status":"closed","template":"","meta":{"_monsterinsights_skip_tracking":false,"_monsterinsights_sitenote_active":false,"_monsterinsights_sitenote_note":"","_monsterinsights_sitenote_category":0},"yoast_head":"<!-- This site is optimized with the Yoast SEO plugin v20.5 - https:\/\/yoast.com\/wordpress\/plugins\/seo\/ -->\n<title>Cristales In Memoriam - Ba\u00f1os de oro y plata. Restauraci\u00f3n de piezas met\u00e1licas y no met\u00e1licas<\/title>\n<meta name=\"description\" content=\"Cristales In Memoriam\" \/>\n<meta name=\"robots\" content=\"index, follow, max-snippet:-1, max-image-preview:large, max-video-preview:-1\" \/>\n<link rel=\"canonical\" href=\"https:\/\/www.arteypasiondelsur.com\/joyeria\/cristales-in-memoriam\/\" \/>\n<meta property=\"og:locale\" content=\"es_ES\" \/>\n<meta property=\"og:type\" content=\"article\" \/>\n<meta property=\"og:title\" content=\"Cristales In Memoriam - Ba\u00f1os de oro y plata. Restauraci\u00f3n de piezas met\u00e1licas y no met\u00e1licas\" \/>\n<meta property=\"og:description\" content=\"Cristales In Memoriam\" \/>\n<meta property=\"og:url\" content=\"https:\/\/www.arteypasiondelsur.com\/joyeria\/cristales-in-memoriam\/\" \/>\n<meta property=\"og:site_name\" content=\"Ba\u00f1os de oro y plata. Restauraci\u00f3n de piezas met\u00e1licas y no met\u00e1licas\" \/>\n<meta property=\"article:publisher\" content=\"https:\/\/www.facebook.com\/Arte-y-Pasi%c3%b3n-del-Sur-1455244028069329\/?fref=ts\" \/>\n<meta property=\"article:modified_time\" content=\"2020-05-30T16:03:49+00:00\" \/>\n<meta property=\"og:image\" content=\"http:\/\/www.arteypasiondelsur.com\/joyeria\/wp-content\/uploads\/sites\/2\/2020\/05\/arbol_de_la_vida_mini_urna-450x450.jpg\" \/>\n<script type=\"application\/ld+json\" class=\"yoast-schema-graph\">{\"@context\":\"https:\/\/schema.org\",\"@graph\":[{\"@type\":\"WebPage\",\"@id\":\"https:\/\/www.arteypasiondelsur.com\/joyeria\/cristales-in-memoriam\/\",\"url\":\"https:\/\/www.arteypasiondelsur.com\/joyeria\/cristales-in-memoriam\/\",\"name\":\"Cristales In Memoriam - Ba\u00f1os de oro y plata. Restauraci\u00f3n de piezas met\u00e1licas y no met\u00e1licas\",\"isPartOf\":{\"@id\":\"https:\/\/www.arteypasiondelsur.com\/joyeria\/#website\"},\"datePublished\":\"2020-05-30T14:54:42+00:00\",\"dateModified\":\"2020-05-30T16:03:49+00:00\",\"description\":\"Cristales In Memoriam\",\"breadcrumb\":{\"@id\":\"https:\/\/www.arteypasiondelsur.com\/joyeria\/cristales-in-memoriam\/#breadcrumb\"},\"inLanguage\":\"es\",\"potentialAction\":[{\"@type\":\"ReadAction\",\"target\":[\"https:\/\/www.arteypasiondelsur.com\/joyeria\/cristales-in-memoriam\/\"]}]},{\"@type\":\"BreadcrumbList\",\"@id\":\"https:\/\/www.arteypasiondelsur.com\/joyeria\/cristales-in-memoriam\/#breadcrumb\",\"itemListElement\":[{\"@type\":\"ListItem\",\"position\":1,\"name\":\"Portada\",\"item\":\"https:\/\/www.arteypasiondelsur.com\/joyeria\/\"},{\"@type\":\"ListItem\",\"position\":2,\"name\":\"Cristales In Memoriam\"}]},{\"@type\":\"WebSite\",\"@id\":\"https:\/\/www.arteypasiondelsur.com\/joyeria\/#website\",\"url\":\"https:\/\/www.arteypasiondelsur.com\/joyeria\/\",\"name\":\"Ba\u00f1os de oro y plata. Restauraci\u00f3n de piezas met\u00e1licas y no met\u00e1licas\",\"description\":\"Ba\u00f1os de oro, plata y restauraci\u00f3n de todo tipo de piezas; met\u00e1licas y no met\u00e1licas con total garant\u00eda\",\"publisher\":{\"@id\":\"https:\/\/www.arteypasiondelsur.com\/joyeria\/#organization\"},\"potentialAction\":[{\"@type\":\"SearchAction\",\"target\":{\"@type\":\"EntryPoint\",\"urlTemplate\":\"https:\/\/www.arteypasiondelsur.com\/joyeria\/?s={search_term_string}\"},\"query-input\":\"required name=search_term_string\"}],\"inLanguage\":\"es\"},{\"@type\":\"Organization\",\"@id\":\"https:\/\/www.arteypasiondelsur.com\/joyeria\/#organization\",\"name\":\"Ba\u00f1os de oro y plata. Restauraci\u00f3n de piezas met\u00e1licas y no met\u00e1licas\",\"url\":\"https:\/\/www.arteypasiondelsur.com\/joyeria\/\",\"logo\":{\"@type\":\"ImageObject\",\"inLanguage\":\"es\",\"@id\":\"https:\/\/www.arteypasiondelsur.com\/joyeria\/#\/schema\/logo\/image\/\",\"url\":\"https:\/\/www.arteypasiondelsur.com\/joyeria\/wp-content\/uploads\/sites\/2\/2017\/08\/cropped-ayp_web.jpg\",\"contentUrl\":\"https:\/\/www.arteypasiondelsur.com\/joyeria\/wp-content\/uploads\/sites\/2\/2017\/08\/cropped-ayp_web.jpg\",\"width\":150,\"height\":56,\"caption\":\"Ba\u00f1os de oro y plata. Restauraci\u00f3n de piezas met\u00e1licas y no met\u00e1licas\"},\"image\":{\"@id\":\"https:\/\/www.arteypasiondelsur.com\/joyeria\/#\/schema\/logo\/image\/\"},\"sameAs\":[\"https:\/\/www.facebook.com\/Arte-y-Pasi\u00f3n-del-Sur-1455244028069329\/?fref=ts\",\"https:\/\/twitter.com\/ArteYPasionSur\"]}]}<\/script>\n<!-- \/ Yoast SEO plugin. -->","yoast_head_json":{"title":"Cristales In Memoriam - Ba\u00f1os de oro y plata. Restauraci\u00f3n de piezas met\u00e1licas y no met\u00e1licas","description":"Cristales In Memoriam","robots":{"index":"index","follow":"follow","max-snippet":"max-snippet:-1","max-image-preview":"max-image-preview:large","max-video-preview":"max-video-preview:-1"},"canonical":"https:\/\/www.arteypasiondelsur.com\/joyeria\/cristales-in-memoriam\/","og_locale":"es_ES","og_type":"article","og_title":"Cristales In Memoriam - Ba\u00f1os de oro y plata. Restauraci\u00f3n de piezas met\u00e1licas y no met\u00e1licas","og_description":"Cristales In Memoriam","og_url":"https:\/\/www.arteypasiondelsur.com\/joyeria\/cristales-in-memoriam\/","og_site_name":"Ba\u00f1os de oro y plata. Restauraci\u00f3n de piezas met\u00e1licas y no met\u00e1licas","article_publisher":"https:\/\/www.facebook.com\/Arte-y-Pasi%c3%b3n-del-Sur-1455244028069329\/?fref=ts","article_modified_time":"2020-05-30T16:03:49+00:00","og_image":[{"url":"http:\/\/www.arteypasiondelsur.com\/joyeria\/wp-content\/uploads\/sites\/2\/2020\/05\/arbol_de_la_vida_mini_urna-450x450.jpg"}],"schema":{"@context":"https:\/\/schema.org","@graph":[{"@type":"WebPage","@id":"https:\/\/www.arteypasiondelsur.com\/joyeria\/cristales-in-memoriam\/","url":"https:\/\/www.arteypasiondelsur.com\/joyeria\/cristales-in-memoriam\/","name":"Cristales In Memoriam - Ba\u00f1os de oro y plata. Restauraci\u00f3n de piezas met\u00e1licas y no met\u00e1licas","isPartOf":{"@id":"https:\/\/www.arteypasiondelsur.com\/joyeria\/#website"},"datePublished":"2020-05-30T14:54:42+00:00","dateModified":"2020-05-30T16:03:49+00:00","description":"Cristales In Memoriam","breadcrumb":{"@id":"https:\/\/www.arteypasiondelsur.com\/joyeria\/cristales-in-memoriam\/#breadcrumb"},"inLanguage":"es","potentialAction":[{"@type":"ReadAction","target":["https:\/\/www.arteypasiondelsur.com\/joyeria\/cristales-in-memoriam\/"]}]},{"@type":"BreadcrumbList","@id":"https:\/\/www.arteypasiondelsur.com\/joyeria\/cristales-in-memoriam\/#breadcrumb","itemListElement":[{"@type":"ListItem","position":1,"name":"Portada","item":"https:\/\/www.arteypasiondelsur.com\/joyeria\/"},{"@type":"ListItem","position":2,"name":"Cristales In Memoriam"}]},{"@type":"WebSite","@id":"https:\/\/www.arteypasiondelsur.com\/joyeria\/#website","url":"https:\/\/www.arteypasiondelsur.com\/joyeria\/","name":"Ba\u00f1os de oro y plata. Restauraci\u00f3n de piezas met\u00e1licas y no met\u00e1licas","description":"Ba\u00f1os de oro, plata y restauraci\u00f3n de todo tipo de piezas; met\u00e1licas y no met\u00e1licas con total garant\u00eda","publisher":{"@id":"https:\/\/www.arteypasiondelsur.com\/joyeria\/#organization"},"potentialAction":[{"@type":"SearchAction","target":{"@type":"EntryPoint","urlTemplate":"https:\/\/www.arteypasiondelsur.com\/joyeria\/?s={search_term_string}"},"query-input":"required name=search_term_string"}],"inLanguage":"es"},{"@type":"Organization","@id":"https:\/\/www.arteypasiondelsur.com\/joyeria\/#organization","name":"Ba\u00f1os de oro y plata. Restauraci\u00f3n de piezas met\u00e1licas y no met\u00e1licas","url":"https:\/\/www.arteypasiondelsur.com\/joyeria\/","logo":{"@type":"ImageObject","inLanguage":"es","@id":"https:\/\/www.arteypasiondelsur.com\/joyeria\/#\/schema\/logo\/image\/","url":"https:\/\/www.arteypasiondelsur.com\/joyeria\/wp-content\/uploads\/sites\/2\/2017\/08\/cropped-ayp_web.jpg","contentUrl":"https:\/\/www.arteypasiondelsur.com\/joyeria\/wp-content\/uploads\/sites\/2\/2017\/08\/cropped-ayp_web.jpg","width":150,"height":56,"caption":"Ba\u00f1os de oro y plata. Restauraci\u00f3n de piezas met\u00e1licas y no met\u00e1licas"},"image":{"@id":"https:\/\/www.arteypasiondelsur.com\/joyeria\/#\/schema\/logo\/image\/"},"sameAs":["https:\/\/www.facebook.com\/Arte-y-Pasi\u00f3n-del-Sur-1455244028069329\/?fref=ts","https:\/\/twitter.com\/ArteYPasionSur"]}]}},"_links":{"self":[{"href":"https:\/\/www.arteypasiondelsur.com\/joyeria\/wp-json\/wp\/v2\/pages\/1411"}],"collection":[{"href":"https:\/\/www.arteypasiondelsur.com\/joyeria\/wp-json\/wp\/v2\/pages"}],"about":[{"href":"https:\/\/www.arteypasiondelsur.com\/joyeria\/wp-json\/wp\/v2\/types\/page"}],"author":[{"embeddable":true,"href":"https:\/\/www.arteypasiondelsur.com\/joyeria\/wp-json\/wp\/v2\/users\/3"}],"replies":[{"embeddable":true,"href":"https:\/\/www.arteypasiondelsur.com\/joyeria\/wp-json\/wp\/v2\/comments?post=1411"}],"version-history":[{"count":55,"href":"https:\/\/www.arteypasiondelsur.com\/joyeria\/wp-json\/wp\/v2\/pages\/1411\/revisions"}],"predecessor-version":[{"id":1509,"href":"https:\/\/www.arteypasiondelsur.com\/joyeria\/wp-json\/wp\/v2\/pages\/1411\/revisions\/1509"}],"wp:attachment":[{"href":"https:\/\/www.arteypasiondelsur.com\/joyeria\/wp-json\/wp\/v2\/media?parent=1411"}],"curies":[{"name":"wp","href":"https:\/\/api.w.org\/{rel}","templated":true}]}}