{"id":1183,"date":"2019-04-02T19:31:37","date_gmt":"2019-04-02T17:31:37","guid":{"rendered":"http:\/\/www.arteypasiondelsur.com\/joyeria\/?page_id=1183"},"modified":"2020-01-05T11:52:16","modified_gmt":"2020-01-05T09:52:16","slug":"banos-joyas-hipoalergenicos","status":"publish","type":"page","link":"https:\/\/www.arteypasiondelsur.com\/joyeria\/banos-joyas-hipoalergenicos\/","title":{"rendered":"Ba\u00f1os de joyas hipoalerg\u00e9nicos"},"content":{"rendered":"<p>\u00bfEst\u00e1s buscando un servicio de ba\u00f1o en oro y plata r\u00e1pido, fiable y de alta calidad? \u00bfY adem\u00e1s buscas ba\u00f1os de joyas hipoalerg\u00e9nicos?<\/p>\n<p>\u00a1En Arte y Pasi\u00f3n del Sur estamos especializados precisamente en eso!<\/p>\n<p>Ofrecemos: chapado en oro 18k,\u00a0 oro rosa, bronce, plata, rodio y rutenio.<\/p>\n<p>Si solo necesita una limpieza o pulido de la joya o pieza tambi\u00e9n puede contratar este servicio con nosotros. \u00a1Todo lo que necesite para dejar su pieza o joya tan reluciente y brillante como el primer d\u00eda!<\/p>\n<p>Adem\u00e1s de trabajar solo con metales y producto de la mayor calidad, uno de nuestros valores m\u00e1s destacables y por los que nos diferenciamos del resto es que <strong>nuestros ba\u00f1os son totalmente hipoalerg\u00e9nicos.<\/strong> Esto hace que el ba\u00f1o de la pieza no cause ninguna reacci\u00f3n al\u00e9rgica en las personas con sensibilidad baja o media en la piel, por lo que son totalmente seguros.<\/p>\n<p>Es muy frecuente encontrar reacciones al\u00e9rgicas con las joyas debido a que est\u00e1n en contacto directo con la piel durante prologados tiempos. Pulseras, relojes, collares, anillos, colgantes, etc pueden causar reacciones en ciertas personas si no se trata con materiales y metales hipoalerg\u00e9nicos como en nuestro caso.<a href=\"https:\/\/www.arteypasiondelsur.com\/joyeria\/wp-content\/uploads\/sites\/2\/2019\/04\/ba\u00f1o-de-rodio.png\"><img decoding=\"async\" loading=\"lazy\" class=\"size-medium wp-image-1184 alignright\" src=\"https:\/\/www.arteypasiondelsur.com\/joyeria\/wp-content\/uploads\/sites\/2\/2019\/04\/ba\u00f1o-de-rodio-230x300.png\" alt=\"ba\u00f1os de joyas hipoalerg\u00e9nicos\" width=\"230\" height=\"300\" srcset=\"https:\/\/www.arteypasiondelsur.com\/joyeria\/wp-content\/uploads\/sites\/2\/2019\/04\/ba\u00f1o-de-rodio-230x300.png 230w, https:\/\/www.arteypasiondelsur.com\/joyeria\/wp-content\/uploads\/sites\/2\/2019\/04\/ba\u00f1o-de-rodio.png 335w\" sizes=\"(max-width: 230px) 100vw, 230px\" \/><\/a><\/p>\n<p>Nuestros ba\u00f1os tienen unos acabados impresionantes y caracter\u00edsticas especiales como por ejemplo:<\/p>\n<ul>\n<li><strong>Ba\u00f1o de rodio:<\/strong> de metal rodiado. Este tipo de ba\u00f1o en rodio se puede aplicar sobre cualquier metal. Es un ba\u00f1o muy resistente, hipoalerg\u00e9nico y produce un resultado y brillo especial.<\/li>\n<li><strong>Ba\u00f1o de lat\u00f3n<\/strong>: el lat\u00f3n es una aleaci\u00f3n variable de estado, cobre y otros metales f\u00e9rricos. Hay una\u00a0 gran variedad de tipos de lat\u00f3n seg\u00fan sea su composici\u00f3n y duele tener un tono amarillo, con variaciones al verde y al rojizo. Los ba\u00f1os de este metal no se oxidan con facilidad y es f\u00e1cil de ba\u00f1ar con otros metales mediante deposici\u00f3n electrol\u00edtica.<\/li>\n<li><strong>Ba\u00f1o de cobre:<\/strong> algunas piezas de \u00abutilidad\u00bb y algunas cadenas son de cobre en lugar de lat\u00f3n y son un ba\u00f1o de gran duraci\u00f3n y resistencia.<\/li>\n<\/ul>\n<p><a href=\"https:\/\/www.arteypasiondelsur.com\/joyeria\/wp-content\/uploads\/sites\/2\/2019\/04\/ba\u00f1o-de-cobre.png\"><img decoding=\"async\" loading=\"lazy\" class=\"alignnone size-medium wp-image-1185\" src=\"https:\/\/www.arteypasiondelsur.com\/joyeria\/wp-content\/uploads\/sites\/2\/2019\/04\/ba\u00f1o-de-cobre-300x166.png\" alt=\"ba\u00f1o de cobre\" width=\"300\" height=\"166\" srcset=\"https:\/\/www.arteypasiondelsur.com\/joyeria\/wp-content\/uploads\/sites\/2\/2019\/04\/ba\u00f1o-de-cobre-300x166.png 300w, https:\/\/www.arteypasiondelsur.com\/joyeria\/wp-content\/uploads\/sites\/2\/2019\/04\/ba\u00f1o-de-cobre.png 395w\" sizes=\"(max-width: 300px) 100vw, 300px\" \/><\/a><\/p>\n","protected":false},"excerpt":{"rendered":"<div class=\"slide-text-bg2\"><span>\u00bfEst\u00e1s buscando un servicio de ba\u00f1o en oro y plata r\u00e1pido, fiable y de alta calidad? \u00bfY adem\u00e1s buscas ba\u00f1os de joyas hipoalerg\u00e9nicos? \u00a1En Arte y P<\/span><\/div>\n<div class=\"slide-btn-area-sm\"><a href=\"https:\/\/www.arteypasiondelsur.com\/joyeria\/banos-joyas-hipoalergenicos\/\" class=\"slide-btn-sm\">Leer m\u00e1s<\/a><\/div>\n","protected":false},"author":3,"featured_media":0,"parent":0,"menu_order":0,"comment_status":"closed","ping_status":"closed","template":"","meta":{"_monsterinsights_skip_tracking":false,"_monsterinsights_sitenote_active":false,"_monsterinsights_sitenote_note":"","_monsterinsights_sitenote_category":0},"yoast_head":"<!-- This site is optimized with the Yoast SEO plugin v20.5 - https:\/\/yoast.com\/wordpress\/plugins\/seo\/ -->\n<title>Ba\u00f1os de joyas hipoalerg\u00e9nicos. No causan reacciones al\u00e9rgicas<\/title>\n<meta name=\"description\" content=\"Realizamos ba\u00f1os de joyas hipoalerg\u00e9nicos. No causan reacciones al\u00e9rgicas en la piel. Contrate nuestros ba\u00f1os de anillos, pulseras, relojes, colgantes y todo tipo de piezas con la total confianza de acabados de alta calidad, perfecci\u00f3n y durabilidad.\" \/>\n<meta name=\"robots\" content=\"index, follow, max-snippet:-1, max-image-preview:large, max-video-preview:-1\" \/>\n<link rel=\"canonical\" href=\"https:\/\/www.arteypasiondelsur.com\/joyeria\/banos-joyas-hipoalergenicos\/\" \/>\n<meta property=\"og:locale\" content=\"es_ES\" \/>\n<meta property=\"og:type\" content=\"article\" \/>\n<meta property=\"og:title\" content=\"Ba\u00f1os de joyas hipoalerg\u00e9nicos. No causan reacciones al\u00e9rgicas\" \/>\n<meta property=\"og:description\" content=\"Realizamos ba\u00f1os de joyas hipoalerg\u00e9nicos. No causan reacciones al\u00e9rgicas en la piel. Contrate nuestros ba\u00f1os de anillos, pulseras, relojes, colgantes y todo tipo de piezas con la total confianza de acabados de alta calidad, perfecci\u00f3n y durabilidad.\" \/>\n<meta property=\"og:url\" content=\"https:\/\/www.arteypasiondelsur.com\/joyeria\/banos-joyas-hipoalergenicos\/\" \/>\n<meta property=\"og:site_name\" content=\"Ba\u00f1os de oro y plata. Restauraci\u00f3n de piezas met\u00e1licas y no met\u00e1licas\" \/>\n<meta property=\"article:publisher\" content=\"https:\/\/www.facebook.com\/Arte-y-Pasi%c3%b3n-del-Sur-1455244028069329\/?fref=ts\" \/>\n<meta property=\"article:modified_time\" content=\"2020-01-05T09:52:16+00:00\" \/>\n<meta name=\"twitter:label1\" content=\"Tiempo de lectura\" \/>\n\t<meta name=\"twitter:data1\" content=\"2 minutos\" \/>\n<script type=\"application\/ld+json\" class=\"yoast-schema-graph\">{\"@context\":\"https:\/\/schema.org\",\"@graph\":[{\"@type\":\"WebPage\",\"@id\":\"https:\/\/www.arteypasiondelsur.com\/joyeria\/banos-joyas-hipoalergenicos\/\",\"url\":\"https:\/\/www.arteypasiondelsur.com\/joyeria\/banos-joyas-hipoalergenicos\/\",\"name\":\"Ba\u00f1os de joyas hipoalerg\u00e9nicos. No causan reacciones al\u00e9rgicas\",\"isPartOf\":{\"@id\":\"https:\/\/www.arteypasiondelsur.com\/joyeria\/#website\"},\"datePublished\":\"2019-04-02T17:31:37+00:00\",\"dateModified\":\"2020-01-05T09:52:16+00:00\",\"description\":\"Realizamos ba\u00f1os de joyas hipoalerg\u00e9nicos. No causan reacciones al\u00e9rgicas en la piel. Contrate nuestros ba\u00f1os de anillos, pulseras, relojes, colgantes y todo tipo de piezas con la total confianza de acabados de alta calidad, perfecci\u00f3n y durabilidad.\",\"breadcrumb\":{\"@id\":\"https:\/\/www.arteypasiondelsur.com\/joyeria\/banos-joyas-hipoalergenicos\/#breadcrumb\"},\"inLanguage\":\"es\",\"potentialAction\":[{\"@type\":\"ReadAction\",\"target\":[\"https:\/\/www.arteypasiondelsur.com\/joyeria\/banos-joyas-hipoalergenicos\/\"]}]},{\"@type\":\"BreadcrumbList\",\"@id\":\"https:\/\/www.arteypasiondelsur.com\/joyeria\/banos-joyas-hipoalergenicos\/#breadcrumb\",\"itemListElement\":[{\"@type\":\"ListItem\",\"position\":1,\"name\":\"Portada\",\"item\":\"https:\/\/www.arteypasiondelsur.com\/joyeria\/\"},{\"@type\":\"ListItem\",\"position\":2,\"name\":\"Ba\u00f1os de joyas hipoalerg\u00e9nicos\"}]},{\"@type\":\"WebSite\",\"@id\":\"https:\/\/www.arteypasiondelsur.com\/joyeria\/#website\",\"url\":\"https:\/\/www.arteypasiondelsur.com\/joyeria\/\",\"name\":\"Ba\u00f1os de oro y plata. Restauraci\u00f3n de piezas met\u00e1licas y no met\u00e1licas\",\"description\":\"Ba\u00f1os de oro, plata y restauraci\u00f3n de todo tipo de piezas; met\u00e1licas y no met\u00e1licas con total garant\u00eda\",\"publisher\":{\"@id\":\"https:\/\/www.arteypasiondelsur.com\/joyeria\/#organization\"},\"potentialAction\":[{\"@type\":\"SearchAction\",\"target\":{\"@type\":\"EntryPoint\",\"urlTemplate\":\"https:\/\/www.arteypasiondelsur.com\/joyeria\/?s={search_term_string}\"},\"query-input\":\"required name=search_term_string\"}],\"inLanguage\":\"es\"},{\"@type\":\"Organization\",\"@id\":\"https:\/\/www.arteypasiondelsur.com\/joyeria\/#organization\",\"name\":\"Ba\u00f1os de oro y plata. Restauraci\u00f3n de piezas met\u00e1licas y no met\u00e1licas\",\"url\":\"https:\/\/www.arteypasiondelsur.com\/joyeria\/\",\"logo\":{\"@type\":\"ImageObject\",\"inLanguage\":\"es\",\"@id\":\"https:\/\/www.arteypasiondelsur.com\/joyeria\/#\/schema\/logo\/image\/\",\"url\":\"https:\/\/www.arteypasiondelsur.com\/joyeria\/wp-content\/uploads\/sites\/2\/2017\/08\/cropped-ayp_web.jpg\",\"contentUrl\":\"https:\/\/www.arteypasiondelsur.com\/joyeria\/wp-content\/uploads\/sites\/2\/2017\/08\/cropped-ayp_web.jpg\",\"width\":150,\"height\":56,\"caption\":\"Ba\u00f1os de oro y plata. Restauraci\u00f3n de piezas met\u00e1licas y no met\u00e1licas\"},\"image\":{\"@id\":\"https:\/\/www.arteypasiondelsur.com\/joyeria\/#\/schema\/logo\/image\/\"},\"sameAs\":[\"https:\/\/www.facebook.com\/Arte-y-Pasi\u00f3n-del-Sur-1455244028069329\/?fref=ts\",\"https:\/\/twitter.com\/ArteYPasionSur\"]}]}<\/script>\n<!-- \/ Yoast SEO plugin. -->","yoast_head_json":{"title":"Ba\u00f1os de joyas hipoalerg\u00e9nicos. No causan reacciones al\u00e9rgicas","description":"Realizamos ba\u00f1os de joyas hipoalerg\u00e9nicos. No causan reacciones al\u00e9rgicas en la piel. Contrate nuestros ba\u00f1os de anillos, pulseras, relojes, colgantes y todo tipo de piezas con la total confianza de acabados de alta calidad, perfecci\u00f3n y durabilidad.","robots":{"index":"index","follow":"follow","max-snippet":"max-snippet:-1","max-image-preview":"max-image-preview:large","max-video-preview":"max-video-preview:-1"},"canonical":"https:\/\/www.arteypasiondelsur.com\/joyeria\/banos-joyas-hipoalergenicos\/","og_locale":"es_ES","og_type":"article","og_title":"Ba\u00f1os de joyas hipoalerg\u00e9nicos. No causan reacciones al\u00e9rgicas","og_description":"Realizamos ba\u00f1os de joyas hipoalerg\u00e9nicos. No causan reacciones al\u00e9rgicas en la piel. Contrate nuestros ba\u00f1os de anillos, pulseras, relojes, colgantes y todo tipo de piezas con la total confianza de acabados de alta calidad, perfecci\u00f3n y durabilidad.","og_url":"https:\/\/www.arteypasiondelsur.com\/joyeria\/banos-joyas-hipoalergenicos\/","og_site_name":"Ba\u00f1os de oro y plata. Restauraci\u00f3n de piezas met\u00e1licas y no met\u00e1licas","article_publisher":"https:\/\/www.facebook.com\/Arte-y-Pasi%c3%b3n-del-Sur-1455244028069329\/?fref=ts","article_modified_time":"2020-01-05T09:52:16+00:00","twitter_misc":{"Tiempo de lectura":"2 minutos"},"schema":{"@context":"https:\/\/schema.org","@graph":[{"@type":"WebPage","@id":"https:\/\/www.arteypasiondelsur.com\/joyeria\/banos-joyas-hipoalergenicos\/","url":"https:\/\/www.arteypasiondelsur.com\/joyeria\/banos-joyas-hipoalergenicos\/","name":"Ba\u00f1os de joyas hipoalerg\u00e9nicos. No causan reacciones al\u00e9rgicas","isPartOf":{"@id":"https:\/\/www.arteypasiondelsur.com\/joyeria\/#website"},"datePublished":"2019-04-02T17:31:37+00:00","dateModified":"2020-01-05T09:52:16+00:00","description":"Realizamos ba\u00f1os de joyas hipoalerg\u00e9nicos. No causan reacciones al\u00e9rgicas en la piel. Contrate nuestros ba\u00f1os de anillos, pulseras, relojes, colgantes y todo tipo de piezas con la total confianza de acabados de alta calidad, perfecci\u00f3n y durabilidad.","breadcrumb":{"@id":"https:\/\/www.arteypasiondelsur.com\/joyeria\/banos-joyas-hipoalergenicos\/#breadcrumb"},"inLanguage":"es","potentialAction":[{"@type":"ReadAction","target":["https:\/\/www.arteypasiondelsur.com\/joyeria\/banos-joyas-hipoalergenicos\/"]}]},{"@type":"BreadcrumbList","@id":"https:\/\/www.arteypasiondelsur.com\/joyeria\/banos-joyas-hipoalergenicos\/#breadcrumb","itemListElement":[{"@type":"ListItem","position":1,"name":"Portada","item":"https:\/\/www.arteypasiondelsur.com\/joyeria\/"},{"@type":"ListItem","position":2,"name":"Ba\u00f1os de joyas hipoalerg\u00e9nicos"}]},{"@type":"WebSite","@id":"https:\/\/www.arteypasiondelsur.com\/joyeria\/#website","url":"https:\/\/www.arteypasiondelsur.com\/joyeria\/","name":"Ba\u00f1os de oro y plata. Restauraci\u00f3n de piezas met\u00e1licas y no met\u00e1licas","description":"Ba\u00f1os de oro, plata y restauraci\u00f3n de todo tipo de piezas; met\u00e1licas y no met\u00e1licas con total garant\u00eda","publisher":{"@id":"https:\/\/www.arteypasiondelsur.com\/joyeria\/#organization"},"potentialAction":[{"@type":"SearchAction","target":{"@type":"EntryPoint","urlTemplate":"https:\/\/www.arteypasiondelsur.com\/joyeria\/?s={search_term_string}"},"query-input":"required name=search_term_string"}],"inLanguage":"es"},{"@type":"Organization","@id":"https:\/\/www.arteypasiondelsur.com\/joyeria\/#organization","name":"Ba\u00f1os de oro y plata. Restauraci\u00f3n de piezas met\u00e1licas y no met\u00e1licas","url":"https:\/\/www.arteypasiondelsur.com\/joyeria\/","logo":{"@type":"ImageObject","inLanguage":"es","@id":"https:\/\/www.arteypasiondelsur.com\/joyeria\/#\/schema\/logo\/image\/","url":"https:\/\/www.arteypasiondelsur.com\/joyeria\/wp-content\/uploads\/sites\/2\/2017\/08\/cropped-ayp_web.jpg","contentUrl":"https:\/\/www.arteypasiondelsur.com\/joyeria\/wp-content\/uploads\/sites\/2\/2017\/08\/cropped-ayp_web.jpg","width":150,"height":56,"caption":"Ba\u00f1os de oro y plata. Restauraci\u00f3n de piezas met\u00e1licas y no met\u00e1licas"},"image":{"@id":"https:\/\/www.arteypasiondelsur.com\/joyeria\/#\/schema\/logo\/image\/"},"sameAs":["https:\/\/www.facebook.com\/Arte-y-Pasi\u00f3n-del-Sur-1455244028069329\/?fref=ts","https:\/\/twitter.com\/ArteYPasionSur"]}]}},"_links":{"self":[{"href":"https:\/\/www.arteypasiondelsur.com\/joyeria\/wp-json\/wp\/v2\/pages\/1183"}],"collection":[{"href":"https:\/\/www.arteypasiondelsur.com\/joyeria\/wp-json\/wp\/v2\/pages"}],"about":[{"href":"https:\/\/www.arteypasiondelsur.com\/joyeria\/wp-json\/wp\/v2\/types\/page"}],"author":[{"embeddable":true,"href":"https:\/\/www.arteypasiondelsur.com\/joyeria\/wp-json\/wp\/v2\/users\/3"}],"replies":[{"embeddable":true,"href":"https:\/\/www.arteypasiondelsur.com\/joyeria\/wp-json\/wp\/v2\/comments?post=1183"}],"version-history":[{"count":2,"href":"https:\/\/www.arteypasiondelsur.com\/joyeria\/wp-json\/wp\/v2\/pages\/1183\/revisions"}],"predecessor-version":[{"id":1266,"href":"https:\/\/www.arteypasiondelsur.com\/joyeria\/wp-json\/wp\/v2\/pages\/1183\/revisions\/1266"}],"wp:attachment":[{"href":"https:\/\/www.arteypasiondelsur.com\/joyeria\/wp-json\/wp\/v2\/media?parent=1183"}],"curies":[{"name":"wp","href":"https:\/\/api.w.org\/{rel}","templated":true}]}}