{"id":100,"date":"2014-07-12T16:32:51","date_gmt":"2014-07-12T14:32:51","guid":{"rendered":"http:\/\/www.arteypasiondelsur.com\/joyeria\/?page_id=100"},"modified":"2023-12-14T15:18:24","modified_gmt":"2023-12-14T13:18:24","slug":"banos-de-piezas-no-metalicas","status":"publish","type":"page","link":"https:\/\/www.arteypasiondelsur.com\/joyeria\/banos-de-piezas-no-metalicas\/","title":{"rendered":"Ba\u00f1os de piezas no met\u00e1licas"},"content":{"rendered":"<div id=\"pl-100\"  class=\"panel-layout\" ><div id=\"pg-100-0\"  class=\"panel-grid panel-no-style\" ><div id=\"pgc-100-0-0\"  class=\"panel-grid-cell\" ><div id=\"panel-100-0-0-0\" class=\"so-panel widget widget_sow-editor panel-first-child\" data-index=\"0\" ><div\n\t\t\t\n\t\t\tclass=\"so-widget-sow-editor so-widget-sow-editor-base\"\n\t\t\t\n\t\t><h3 class=\"widget-title\">Recuerdos<\/h3>\n<div class=\"siteorigin-widget-tinymce textwidget\">\n\t<div class=\"siteorigin-widget-tinymce textwidget\">\n<p>\u00bfQui\u00e9n no ha guardado los primeros zapatitos de su hijo, la pinza del ombligo, el chupete o alg\u00fan babero? Pues ese mismo recuerdo lo pueden conservar para siempre si lo transforma en una joya. <strong>Unimos belleza y sentimiento<\/strong>. Realizamos ba\u00f1os de piezas no met\u00e1licas para conservarlas siempre.<\/p>\n<p><a href=\"http:\/\/www.arteypasiondelsur.com\/joyeria\/wp-content\/uploads\/sites\/2\/2014\/07\/IMG-20170727-WA0004.jpg\"><img decoding=\"async\" loading=\"lazy\" class=\"aligncenter wp-image-903\" title=\"ba\u00f1os de piezas no met\u00e1licas\" src=\"http:\/\/www.arteypasiondelsur.com\/joyeria\/wp-content\/uploads\/sites\/2\/2014\/07\/IMG-20170727-WA0004-300x300.jpg\" alt=\"ba\u00f1os de piezas no met\u00e1licas\" width=\"250\" height=\"250\" srcset=\"https:\/\/www.arteypasiondelsur.com\/joyeria\/wp-content\/uploads\/sites\/2\/2014\/07\/IMG-20170727-WA0004-300x300.jpg 300w, https:\/\/www.arteypasiondelsur.com\/joyeria\/wp-content\/uploads\/sites\/2\/2014\/07\/IMG-20170727-WA0004-150x150.jpg 150w, https:\/\/www.arteypasiondelsur.com\/joyeria\/wp-content\/uploads\/sites\/2\/2014\/07\/IMG-20170727-WA0004-157x157.jpg 157w, https:\/\/www.arteypasiondelsur.com\/joyeria\/wp-content\/uploads\/sites\/2\/2014\/07\/IMG-20170727-WA0004-400x400.jpg 400w, https:\/\/www.arteypasiondelsur.com\/joyeria\/wp-content\/uploads\/sites\/2\/2014\/07\/IMG-20170727-WA0004-510x510.jpg 510w, https:\/\/www.arteypasiondelsur.com\/joyeria\/wp-content\/uploads\/sites\/2\/2014\/07\/IMG-20170727-WA0004.jpg 640w\" sizes=\"(max-width: 250px) 100vw, 250px\" \/><\/a><\/p>\n<\/div>\n<\/div>\n<\/div><\/div><div id=\"panel-100-0-0-1\" class=\"so-panel widget widget_sow-editor panel-last-child\" data-index=\"1\" ><div\n\t\t\t\n\t\t\tclass=\"so-widget-sow-editor so-widget-sow-editor-base\"\n\t\t\t\n\t\t><h3 class=\"widget-title\">El resultado es asombroso<\/h3>\n<div class=\"siteorigin-widget-tinymce textwidget\">\n\t<div class=\"siteorigin-widget-tinymce textwidget\">\n<p>El recubrimiento con metales preciosos como oro, plata, bronce, esta\u00f1o y cobre satinado o brillo, de art\u00edculos que no sean met\u00e1licos y que se quieran conservar para siempre.<\/p>\n<p>El producto estrella son los zapatitos de los beb\u00e9s; podr\u00edamos decir que al aplicarles esta t\u00e9cnica, estamos convirtiendo los primeros pasos de los peque\u00f1os en una joya que nos va a durar para siempre.\u00a0<strong>Regalamos la grabaci\u00f3n<\/strong> el nombre y fecha de nacimiento siempre que la pieza lo permita.<\/p>\n<p><a href=\"http:\/\/www.arteypasiondelsur.com\/joyeria\/wp-content\/uploads\/sites\/2\/2014\/07\/ideas-para-regalos-originales.png\"><img decoding=\"async\" loading=\"lazy\" class=\"wp-image-1055  aligncenter\" src=\"http:\/\/www.arteypasiondelsur.com\/joyeria\/wp-content\/uploads\/sites\/2\/2014\/07\/ideas-para-regalos-originales-300x159.png\" alt=\"ideas-para-regalos-originales\" width=\"385\" height=\"204\" srcset=\"https:\/\/www.arteypasiondelsur.com\/joyeria\/wp-content\/uploads\/sites\/2\/2014\/07\/ideas-para-regalos-originales-300x159.png 300w, https:\/\/www.arteypasiondelsur.com\/joyeria\/wp-content\/uploads\/sites\/2\/2014\/07\/ideas-para-regalos-originales-768x407.png 768w, https:\/\/www.arteypasiondelsur.com\/joyeria\/wp-content\/uploads\/sites\/2\/2014\/07\/ideas-para-regalos-originales-510x271.png 510w, https:\/\/www.arteypasiondelsur.com\/joyeria\/wp-content\/uploads\/sites\/2\/2014\/07\/ideas-para-regalos-originales.png 999w\" sizes=\"(max-width: 385px) 100vw, 385px\" \/><\/a><\/p>\n<\/div>\n<\/div>\n<\/div><\/div><\/div><div id=\"pgc-100-0-1\"  class=\"panel-grid-cell\" ><div id=\"panel-100-0-1-0\" class=\"so-panel widget widget_sow-editor panel-first-child\" data-index=\"2\" ><div\n\t\t\t\n\t\t\tclass=\"so-widget-sow-editor so-widget-sow-editor-base\"\n\t\t\t\n\t\t><h3 class=\"widget-title\">La\u00a0Soluci\u00f3n<\/h3>\n<div class=\"siteorigin-widget-tinymce textwidget\">\n\t<div class=\"siteorigin-widget-tinymce textwidget\">\n<p>Recubrimos cualquier objeto en <strong>plata, oro, bronce, cobre (brillo y satinado) y esta\u00f1o<\/strong>. El acabado es el de una aut\u00e9ntica joya, conservando todos los detalles del objeto y del paso del tiempo. Los objetos m\u00e1s utilizados para ba\u00f1ar y as\u00ed ser regalos muy originales son patucos o chupetes. Son un regalo muy original para bautizos y comuniones.<\/p>\n<p>\u00a0<\/p>\n<p><a href=\"http:\/\/www.arteypasiondelsur.com\/joyeria\/wp-content\/uploads\/sites\/2\/2014\/07\/SelloPatentado.png\"><img decoding=\"async\" loading=\"lazy\" class=\"aligncenter size-full wp-image-215\" src=\"http:\/\/www.arteypasiondelsur.com\/joyeria\/wp-content\/uploads\/sites\/2\/2014\/07\/SelloPatentado.png\" alt=\"\" width=\"300\" height=\"200\" \/><\/a><\/p>\n<p>\u00a0<\/p>\n<\/div>\n<\/div>\n<\/div><\/div><div id=\"panel-100-0-1-1\" class=\"so-panel widget widget_sow-image panel-last-child\" data-index=\"3\" ><div\n\t\t\t\n\t\t\tclass=\"so-widget-sow-image so-widget-sow-image-default-c67d20f9f743-100\"\n\t\t\t\n\t\t>\n<div class=\"sow-image-container\">\n\t\t<img \n\tsrc=\"https:\/\/www.arteypasiondelsur.com\/joyeria\/wp-content\/uploads\/sites\/2\/2014\/07\/ba\u00f1o-zapatitos.png\" width=\"500\" height=\"500\" srcset=\"https:\/\/www.arteypasiondelsur.com\/joyeria\/wp-content\/uploads\/sites\/2\/2014\/07\/ba\u00f1o-zapatitos.png 500w, https:\/\/www.arteypasiondelsur.com\/joyeria\/wp-content\/uploads\/sites\/2\/2014\/07\/ba\u00f1o-zapatitos-150x150.png 150w, https:\/\/www.arteypasiondelsur.com\/joyeria\/wp-content\/uploads\/sites\/2\/2014\/07\/ba\u00f1o-zapatitos-300x300.png 300w, https:\/\/www.arteypasiondelsur.com\/joyeria\/wp-content\/uploads\/sites\/2\/2014\/07\/ba\u00f1o-zapatitos-157x157.png 157w, https:\/\/www.arteypasiondelsur.com\/joyeria\/wp-content\/uploads\/sites\/2\/2014\/07\/ba\u00f1o-zapatitos-400x400.png 400w\" sizes=\"(max-width: 500px) 100vw, 500px\" title=\"ba\u00f1os de zapatitos\" alt=\"ba\u00f1os de zapatitos\" loading=\"lazy\" \t\tclass=\"so-widget-image\"\/>\n\t<\/div>\n\n<\/div><\/div><\/div><\/div><div id=\"pg-100-1\"  class=\"panel-grid panel-no-style\" ><div id=\"pgc-100-1-0\"  class=\"panel-grid-cell\" ><div id=\"panel-100-1-0-0\" class=\"so-panel widget widget_sow-editor panel-first-child panel-last-child\" data-index=\"4\" ><div\n\t\t\t\n\t\t\tclass=\"so-widget-sow-editor so-widget-sow-editor-base\"\n\t\t\t\n\t\t><h3 class=\"widget-title\">\u00daltimo trabajo - biber\u00f3n<\/h3>\n<div class=\"siteorigin-widget-tinymce textwidget\">\n\t<p><a href=\"https:\/\/www.arteypasiondelsur.com\/joyeria\/wp-content\/uploads\/sites\/2\/2023\/12\/biberon-recuerdo.jpg\"><img decoding=\"async\" loading=\"lazy\" class=\"aligncenter wp-image-1653 size-full\" src=\"https:\/\/www.arteypasiondelsur.com\/joyeria\/wp-content\/uploads\/sites\/2\/2023\/12\/biberon-recuerdo.jpg\" alt=\"\" width=\"600\" height=\"400\" srcset=\"https:\/\/www.arteypasiondelsur.com\/joyeria\/wp-content\/uploads\/sites\/2\/2023\/12\/biberon-recuerdo.jpg 600w, https:\/\/www.arteypasiondelsur.com\/joyeria\/wp-content\/uploads\/sites\/2\/2023\/12\/biberon-recuerdo-300x200.jpg 300w, https:\/\/www.arteypasiondelsur.com\/joyeria\/wp-content\/uploads\/sites\/2\/2023\/12\/biberon-recuerdo-272x182.jpg 272w\" sizes=\"(max-width: 600px) 100vw, 600px\" \/><\/a><\/p>\n<\/div>\n<\/div><\/div><\/div><\/div><div id=\"pg-100-2\"  class=\"panel-grid panel-no-style\" ><div id=\"pgc-100-2-0\"  class=\"panel-grid-cell\" ><div id=\"panel-100-2-0-0\" class=\"so-panel widget widget_sow-editor panel-first-child panel-last-child\" data-index=\"5\" ><div\n\t\t\t\n\t\t\tclass=\"so-widget-sow-editor so-widget-sow-editor-base\"\n\t\t\t\n\t\t>\n<div class=\"siteorigin-widget-tinymce textwidget\">\n\t<\/div>\n<\/div><\/div><\/div><\/div><div id=\"pg-100-3\"  class=\"panel-grid panel-has-style\" ><div class=\"panel-row-style panel-row-style-for-100-3\" ><div id=\"pgc-100-3-0\"  class=\"panel-grid-cell\" ><div id=\"panel-100-3-0-0\" class=\"so-panel widget widget_sow-image panel-first-child\" data-index=\"6\" ><div\n\t\t\t\n\t\t\tclass=\"so-widget-sow-image so-widget-sow-image-default-c67d20f9f743-100\"\n\t\t\t\n\t\t>\n<div class=\"sow-image-container\">\n\t\t\t<a href=\"http:\/\/www.arteypasiondelsur.com\/joyeria\/contacto\"\n\t\t\t\t\t>\n\t\t\t<img \n\tsrc=\"https:\/\/www.arteypasiondelsur.com\/joyeria\/wp-content\/uploads\/sites\/2\/2014\/08\/505033-tumblr_m815dyTwTZ1rysqvgo1_1280-150x150.png\" width=\"150\" height=\"150\" srcset=\"https:\/\/www.arteypasiondelsur.com\/joyeria\/wp-content\/uploads\/sites\/2\/2014\/08\/505033-tumblr_m815dyTwTZ1rysqvgo1_1280-150x150.png 150w, https:\/\/www.arteypasiondelsur.com\/joyeria\/wp-content\/uploads\/sites\/2\/2014\/08\/505033-tumblr_m815dyTwTZ1rysqvgo1_1280-300x300.png 300w, https:\/\/www.arteypasiondelsur.com\/joyeria\/wp-content\/uploads\/sites\/2\/2014\/08\/505033-tumblr_m815dyTwTZ1rysqvgo1_1280-157x157.png 157w, https:\/\/www.arteypasiondelsur.com\/joyeria\/wp-content\/uploads\/sites\/2\/2014\/08\/505033-tumblr_m815dyTwTZ1rysqvgo1_1280-400x400.png 400w, https:\/\/www.arteypasiondelsur.com\/joyeria\/wp-content\/uploads\/sites\/2\/2014\/08\/505033-tumblr_m815dyTwTZ1rysqvgo1_1280-510x510.png 510w, https:\/\/www.arteypasiondelsur.com\/joyeria\/wp-content\/uploads\/sites\/2\/2014\/08\/505033-tumblr_m815dyTwTZ1rysqvgo1_1280.png 700w\" sizes=\"(max-width: 150px) 100vw, 150px\" title=\"presupuesto\" alt=\"presupuesto\" loading=\"lazy\" \t\tclass=\"so-widget-image\"\/>\n\t\t\t<\/a><\/div>\n\n<\/div><\/div><div id=\"panel-100-3-0-1\" class=\"so-panel widget widget_sow-editor panel-last-child\" data-index=\"7\" ><div\n\t\t\t\n\t\t\tclass=\"so-widget-sow-editor so-widget-sow-editor-base\"\n\t\t\t\n\t\t>\n<div class=\"siteorigin-widget-tinymce textwidget\">\n\t<p style=\"text-align: center;\"><span style=\"color: #000000;\"><strong>P\u00cdDANOS PRESUPUESTO<\/strong><\/span><\/p>\n<p style=\"text-align: center;\">Puede enviarnos una imagen de su pieza para una mejor valoraci\u00f3n.<\/p>\n<\/div>\n<\/div><\/div><\/div><div id=\"pgc-100-3-1\"  class=\"panel-grid-cell\" ><div id=\"panel-100-3-1-0\" class=\"so-panel widget widget_sow-image panel-first-child\" data-index=\"8\" ><div\n\t\t\t\n\t\t\tclass=\"so-widget-sow-image so-widget-sow-image-default-c67d20f9f743-100\"\n\t\t\t\n\t\t>\n<div class=\"sow-image-container\">\n\t\t\t<a href=\"http:\/\/www.arteypasiondelsur.com\/joyeria\/contacto\"\n\t\t\t\t\t>\n\t\t\t<img \n\tsrc=\"https:\/\/www.arteypasiondelsur.com\/joyeria\/wp-content\/uploads\/sites\/2\/2014\/08\/44266-150x150.png\" width=\"150\" height=\"150\" srcset=\"https:\/\/www.arteypasiondelsur.com\/joyeria\/wp-content\/uploads\/sites\/2\/2014\/08\/44266-150x150.png 150w, https:\/\/www.arteypasiondelsur.com\/joyeria\/wp-content\/uploads\/sites\/2\/2014\/08\/44266-157x157.png 157w, https:\/\/www.arteypasiondelsur.com\/joyeria\/wp-content\/uploads\/sites\/2\/2014\/08\/44266-400x400.png 400w\" sizes=\"(max-width: 150px) 100vw, 150px\" title=\"env\u00edo\" alt=\"\" loading=\"lazy\" \t\tclass=\"so-widget-image\"\/>\n\t\t\t<\/a><\/div>\n\n<\/div><\/div><div id=\"panel-100-3-1-1\" class=\"so-panel widget widget_sow-editor panel-last-child\" data-index=\"9\" ><div\n\t\t\t\n\t\t\tclass=\"so-widget-sow-editor so-widget-sow-editor-base\"\n\t\t\t\n\t\t>\n<div class=\"siteorigin-widget-tinymce textwidget\">\n\t<p>\u00a0<\/p>\n<p style=\"text-align: center;\"><span style=\"color: #000000;\"><strong>ENV\u00cdENOS SU PIEZA<\/strong><\/span><\/p>\n<p style=\"text-align: center;\">Si est\u00e1 conforme con\u00a0su presupuesto h\u00e1ganos llegar su\u00a0pieza.<\/p>\n<\/div>\n<\/div><\/div><\/div><div id=\"pgc-100-3-2\"  class=\"panel-grid-cell\" ><div id=\"panel-100-3-2-0\" class=\"so-panel widget widget_sow-image panel-first-child\" data-index=\"10\" ><div\n\t\t\t\n\t\t\tclass=\"so-widget-sow-image so-widget-sow-image-default-c67d20f9f743-100\"\n\t\t\t\n\t\t>\n<div class=\"sow-image-container\">\n\t\t\t<a href=\"http:\/\/www.arteypasiondelsur.com\/joyeria\/contacto\"\n\t\t\t\t\t>\n\t\t\t<img \n\tsrc=\"https:\/\/www.arteypasiondelsur.com\/joyeria\/wp-content\/uploads\/sites\/2\/2014\/08\/ok-150x150.jpg\" width=\"150\" height=\"150\" srcset=\"https:\/\/www.arteypasiondelsur.com\/joyeria\/wp-content\/uploads\/sites\/2\/2014\/08\/ok-150x150.jpg 150w, https:\/\/www.arteypasiondelsur.com\/joyeria\/wp-content\/uploads\/sites\/2\/2014\/08\/ok-300x300.jpg 300w, https:\/\/www.arteypasiondelsur.com\/joyeria\/wp-content\/uploads\/sites\/2\/2014\/08\/ok-157x157.jpg 157w, https:\/\/www.arteypasiondelsur.com\/joyeria\/wp-content\/uploads\/sites\/2\/2014\/08\/ok-400x400.jpg 400w, https:\/\/www.arteypasiondelsur.com\/joyeria\/wp-content\/uploads\/sites\/2\/2014\/08\/ok-510x510.jpg 510w, https:\/\/www.arteypasiondelsur.com\/joyeria\/wp-content\/uploads\/sites\/2\/2014\/08\/ok.jpg 626w\" sizes=\"(max-width: 150px) 100vw, 150px\" alt=\"productos de calidad\" loading=\"lazy\" \t\tclass=\"so-widget-image\"\/>\n\t\t\t<\/a><\/div>\n\n<\/div><\/div><div id=\"panel-100-3-2-1\" class=\"so-panel widget widget_sow-editor panel-last-child\" data-index=\"11\" ><div\n\t\t\t\n\t\t\tclass=\"so-widget-sow-editor so-widget-sow-editor-base\"\n\t\t\t\n\t\t>\n<div class=\"siteorigin-widget-tinymce textwidget\">\n\t<p style=\"text-align: center;\"><span style=\"color: #000000;\"><strong>DISFRUTE DE SU PIEZA MEJORADA<\/strong><\/span><\/p>\n<p style=\"text-align: center;\">En un m\u00e1x de 15 d\u00edas aproximadamente le devolvemos su pieza restaurada.&nbsp;&nbsp;La&nbsp;forma&nbsp;de&nbsp;envio&nbsp;ser\u00e1 por&nbsp;agencia&nbsp;y&nbsp;el&nbsp;precio&nbsp;depender\u00e1&nbsp;seg\u00fan&nbsp;tama\u00f1o&nbsp;y&nbsp;peso&nbsp;de&nbsp;la&nbsp;pieza.<\/p>\n<\/div>\n<\/div><\/div><\/div><\/div><\/div><\/div>","protected":false},"excerpt":{"rendered":"<div class=\"slide-text-bg2\"><span>\u00bfQui\u00e9n no ha guardado los primeros zapatitos de su hijo, la pinza del ombligo, el chupete o alg\u00fan babero? Pues ese mismo recuerdo lo pueden conservar pa<\/span><\/div>\n<div class=\"slide-btn-area-sm\"><a href=\"https:\/\/www.arteypasiondelsur.com\/joyeria\/banos-de-piezas-no-metalicas\/\" class=\"slide-btn-sm\">Leer m\u00e1s<\/a><\/div>\n","protected":false},"author":1,"featured_media":0,"parent":0,"menu_order":0,"comment_status":"closed","ping_status":"closed","template":"","meta":{"_monsterinsights_skip_tracking":false,"_monsterinsights_sitenote_active":false,"_monsterinsights_sitenote_note":"","_monsterinsights_sitenote_category":0},"yoast_head":"<!-- This site is optimized with the Yoast SEO plugin v20.5 - https:\/\/yoast.com\/wordpress\/plugins\/seo\/ -->\n<title>Ba\u00f1os de piezas no met\u00e1licas. Chupetes o patucos. Regalos originales<\/title>\n<meta name=\"description\" content=\"Los ba\u00f1os de piezas no met\u00e1licas ofrecen un regalo muy original. Gracias a ellos se consiguen recuerdos para toda la vida y una forma de conservar sentimientos\" \/>\n<meta name=\"robots\" content=\"index, follow, max-snippet:-1, max-image-preview:large, max-video-preview:-1\" \/>\n<link rel=\"canonical\" href=\"https:\/\/www.arteypasiondelsur.com\/joyeria\/banos-de-piezas-no-metalicas\/\" \/>\n<meta property=\"og:locale\" content=\"es_ES\" \/>\n<meta property=\"og:type\" content=\"article\" \/>\n<meta property=\"og:title\" content=\"Ba\u00f1os de piezas no met\u00e1licas. Chupetes o patucos. Regalos originales\" \/>\n<meta property=\"og:description\" content=\"Los ba\u00f1os de piezas no met\u00e1licas ofrecen un regalo muy original. Gracias a ellos se consiguen recuerdos para toda la vida y una forma de conservar sentimientos\" \/>\n<meta property=\"og:url\" content=\"https:\/\/www.arteypasiondelsur.com\/joyeria\/banos-de-piezas-no-metalicas\/\" \/>\n<meta property=\"og:site_name\" content=\"Ba\u00f1os de oro y plata. Restauraci\u00f3n de piezas met\u00e1licas y no met\u00e1licas\" \/>\n<meta property=\"article:publisher\" content=\"https:\/\/www.facebook.com\/Arte-y-Pasi%c3%b3n-del-Sur-1455244028069329\/?fref=ts\" \/>\n<meta property=\"article:modified_time\" content=\"2023-12-14T13:18:24+00:00\" \/>\n<meta property=\"og:image\" content=\"http:\/\/www.arteypasiondelsur.com\/joyeria\/wp-content\/uploads\/sites\/2\/2014\/07\/IMG-20170727-WA0004-300x300.jpg\" \/>\n<meta name=\"twitter:label1\" content=\"Tiempo de lectura\" \/>\n\t<meta name=\"twitter:data1\" content=\"2 minutos\" \/>\n<script type=\"application\/ld+json\" class=\"yoast-schema-graph\">{\"@context\":\"https:\/\/schema.org\",\"@graph\":[{\"@type\":\"WebPage\",\"@id\":\"https:\/\/www.arteypasiondelsur.com\/joyeria\/banos-de-piezas-no-metalicas\/\",\"url\":\"https:\/\/www.arteypasiondelsur.com\/joyeria\/banos-de-piezas-no-metalicas\/\",\"name\":\"Ba\u00f1os de piezas no met\u00e1licas. Chupetes o patucos. Regalos originales\",\"isPartOf\":{\"@id\":\"https:\/\/www.arteypasiondelsur.com\/joyeria\/#website\"},\"datePublished\":\"2014-07-12T14:32:51+00:00\",\"dateModified\":\"2023-12-14T13:18:24+00:00\",\"description\":\"Los ba\u00f1os de piezas no met\u00e1licas ofrecen un regalo muy original. Gracias a ellos se consiguen recuerdos para toda la vida y una forma de conservar sentimientos\",\"breadcrumb\":{\"@id\":\"https:\/\/www.arteypasiondelsur.com\/joyeria\/banos-de-piezas-no-metalicas\/#breadcrumb\"},\"inLanguage\":\"es\",\"potentialAction\":[{\"@type\":\"ReadAction\",\"target\":[\"https:\/\/www.arteypasiondelsur.com\/joyeria\/banos-de-piezas-no-metalicas\/\"]}]},{\"@type\":\"BreadcrumbList\",\"@id\":\"https:\/\/www.arteypasiondelsur.com\/joyeria\/banos-de-piezas-no-metalicas\/#breadcrumb\",\"itemListElement\":[{\"@type\":\"ListItem\",\"position\":1,\"name\":\"Portada\",\"item\":\"https:\/\/www.arteypasiondelsur.com\/joyeria\/\"},{\"@type\":\"ListItem\",\"position\":2,\"name\":\"Ba\u00f1os de piezas no met\u00e1licas\"}]},{\"@type\":\"WebSite\",\"@id\":\"https:\/\/www.arteypasiondelsur.com\/joyeria\/#website\",\"url\":\"https:\/\/www.arteypasiondelsur.com\/joyeria\/\",\"name\":\"Ba\u00f1os de oro y plata. Restauraci\u00f3n de piezas met\u00e1licas y no met\u00e1licas\",\"description\":\"Ba\u00f1os de oro, plata y restauraci\u00f3n de todo tipo de piezas; met\u00e1licas y no met\u00e1licas con total garant\u00eda\",\"publisher\":{\"@id\":\"https:\/\/www.arteypasiondelsur.com\/joyeria\/#organization\"},\"potentialAction\":[{\"@type\":\"SearchAction\",\"target\":{\"@type\":\"EntryPoint\",\"urlTemplate\":\"https:\/\/www.arteypasiondelsur.com\/joyeria\/?s={search_term_string}\"},\"query-input\":\"required name=search_term_string\"}],\"inLanguage\":\"es\"},{\"@type\":\"Organization\",\"@id\":\"https:\/\/www.arteypasiondelsur.com\/joyeria\/#organization\",\"name\":\"Ba\u00f1os de oro y plata. Restauraci\u00f3n de piezas met\u00e1licas y no met\u00e1licas\",\"url\":\"https:\/\/www.arteypasiondelsur.com\/joyeria\/\",\"logo\":{\"@type\":\"ImageObject\",\"inLanguage\":\"es\",\"@id\":\"https:\/\/www.arteypasiondelsur.com\/joyeria\/#\/schema\/logo\/image\/\",\"url\":\"https:\/\/www.arteypasiondelsur.com\/joyeria\/wp-content\/uploads\/sites\/2\/2017\/08\/cropped-ayp_web.jpg\",\"contentUrl\":\"https:\/\/www.arteypasiondelsur.com\/joyeria\/wp-content\/uploads\/sites\/2\/2017\/08\/cropped-ayp_web.jpg\",\"width\":150,\"height\":56,\"caption\":\"Ba\u00f1os de oro y plata. Restauraci\u00f3n de piezas met\u00e1licas y no met\u00e1licas\"},\"image\":{\"@id\":\"https:\/\/www.arteypasiondelsur.com\/joyeria\/#\/schema\/logo\/image\/\"},\"sameAs\":[\"https:\/\/www.facebook.com\/Arte-y-Pasi\u00f3n-del-Sur-1455244028069329\/?fref=ts\",\"https:\/\/twitter.com\/ArteYPasionSur\"]}]}<\/script>\n<!-- \/ Yoast SEO plugin. -->","yoast_head_json":{"title":"Ba\u00f1os de piezas no met\u00e1licas. Chupetes o patucos. Regalos originales","description":"Los ba\u00f1os de piezas no met\u00e1licas ofrecen un regalo muy original. Gracias a ellos se consiguen recuerdos para toda la vida y una forma de conservar sentimientos","robots":{"index":"index","follow":"follow","max-snippet":"max-snippet:-1","max-image-preview":"max-image-preview:large","max-video-preview":"max-video-preview:-1"},"canonical":"https:\/\/www.arteypasiondelsur.com\/joyeria\/banos-de-piezas-no-metalicas\/","og_locale":"es_ES","og_type":"article","og_title":"Ba\u00f1os de piezas no met\u00e1licas. Chupetes o patucos. Regalos originales","og_description":"Los ba\u00f1os de piezas no met\u00e1licas ofrecen un regalo muy original. Gracias a ellos se consiguen recuerdos para toda la vida y una forma de conservar sentimientos","og_url":"https:\/\/www.arteypasiondelsur.com\/joyeria\/banos-de-piezas-no-metalicas\/","og_site_name":"Ba\u00f1os de oro y plata. Restauraci\u00f3n de piezas met\u00e1licas y no met\u00e1licas","article_publisher":"https:\/\/www.facebook.com\/Arte-y-Pasi%c3%b3n-del-Sur-1455244028069329\/?fref=ts","article_modified_time":"2023-12-14T13:18:24+00:00","og_image":[{"url":"http:\/\/www.arteypasiondelsur.com\/joyeria\/wp-content\/uploads\/sites\/2\/2014\/07\/IMG-20170727-WA0004-300x300.jpg"}],"twitter_misc":{"Tiempo de lectura":"2 minutos"},"schema":{"@context":"https:\/\/schema.org","@graph":[{"@type":"WebPage","@id":"https:\/\/www.arteypasiondelsur.com\/joyeria\/banos-de-piezas-no-metalicas\/","url":"https:\/\/www.arteypasiondelsur.com\/joyeria\/banos-de-piezas-no-metalicas\/","name":"Ba\u00f1os de piezas no met\u00e1licas. Chupetes o patucos. Regalos originales","isPartOf":{"@id":"https:\/\/www.arteypasiondelsur.com\/joyeria\/#website"},"datePublished":"2014-07-12T14:32:51+00:00","dateModified":"2023-12-14T13:18:24+00:00","description":"Los ba\u00f1os de piezas no met\u00e1licas ofrecen un regalo muy original. Gracias a ellos se consiguen recuerdos para toda la vida y una forma de conservar sentimientos","breadcrumb":{"@id":"https:\/\/www.arteypasiondelsur.com\/joyeria\/banos-de-piezas-no-metalicas\/#breadcrumb"},"inLanguage":"es","potentialAction":[{"@type":"ReadAction","target":["https:\/\/www.arteypasiondelsur.com\/joyeria\/banos-de-piezas-no-metalicas\/"]}]},{"@type":"BreadcrumbList","@id":"https:\/\/www.arteypasiondelsur.com\/joyeria\/banos-de-piezas-no-metalicas\/#breadcrumb","itemListElement":[{"@type":"ListItem","position":1,"name":"Portada","item":"https:\/\/www.arteypasiondelsur.com\/joyeria\/"},{"@type":"ListItem","position":2,"name":"Ba\u00f1os de piezas no met\u00e1licas"}]},{"@type":"WebSite","@id":"https:\/\/www.arteypasiondelsur.com\/joyeria\/#website","url":"https:\/\/www.arteypasiondelsur.com\/joyeria\/","name":"Ba\u00f1os de oro y plata. Restauraci\u00f3n de piezas met\u00e1licas y no met\u00e1licas","description":"Ba\u00f1os de oro, plata y restauraci\u00f3n de todo tipo de piezas; met\u00e1licas y no met\u00e1licas con total garant\u00eda","publisher":{"@id":"https:\/\/www.arteypasiondelsur.com\/joyeria\/#organization"},"potentialAction":[{"@type":"SearchAction","target":{"@type":"EntryPoint","urlTemplate":"https:\/\/www.arteypasiondelsur.com\/joyeria\/?s={search_term_string}"},"query-input":"required name=search_term_string"}],"inLanguage":"es"},{"@type":"Organization","@id":"https:\/\/www.arteypasiondelsur.com\/joyeria\/#organization","name":"Ba\u00f1os de oro y plata. Restauraci\u00f3n de piezas met\u00e1licas y no met\u00e1licas","url":"https:\/\/www.arteypasiondelsur.com\/joyeria\/","logo":{"@type":"ImageObject","inLanguage":"es","@id":"https:\/\/www.arteypasiondelsur.com\/joyeria\/#\/schema\/logo\/image\/","url":"https:\/\/www.arteypasiondelsur.com\/joyeria\/wp-content\/uploads\/sites\/2\/2017\/08\/cropped-ayp_web.jpg","contentUrl":"https:\/\/www.arteypasiondelsur.com\/joyeria\/wp-content\/uploads\/sites\/2\/2017\/08\/cropped-ayp_web.jpg","width":150,"height":56,"caption":"Ba\u00f1os de oro y plata. Restauraci\u00f3n de piezas met\u00e1licas y no met\u00e1licas"},"image":{"@id":"https:\/\/www.arteypasiondelsur.com\/joyeria\/#\/schema\/logo\/image\/"},"sameAs":["https:\/\/www.facebook.com\/Arte-y-Pasi\u00f3n-del-Sur-1455244028069329\/?fref=ts","https:\/\/twitter.com\/ArteYPasionSur"]}]}},"_links":{"self":[{"href":"https:\/\/www.arteypasiondelsur.com\/joyeria\/wp-json\/wp\/v2\/pages\/100"}],"collection":[{"href":"https:\/\/www.arteypasiondelsur.com\/joyeria\/wp-json\/wp\/v2\/pages"}],"about":[{"href":"https:\/\/www.arteypasiondelsur.com\/joyeria\/wp-json\/wp\/v2\/types\/page"}],"author":[{"embeddable":true,"href":"https:\/\/www.arteypasiondelsur.com\/joyeria\/wp-json\/wp\/v2\/users\/1"}],"replies":[{"embeddable":true,"href":"https:\/\/www.arteypasiondelsur.com\/joyeria\/wp-json\/wp\/v2\/comments?post=100"}],"version-history":[{"count":24,"href":"https:\/\/www.arteypasiondelsur.com\/joyeria\/wp-json\/wp\/v2\/pages\/100\/revisions"}],"predecessor-version":[{"id":1655,"href":"https:\/\/www.arteypasiondelsur.com\/joyeria\/wp-json\/wp\/v2\/pages\/100\/revisions\/1655"}],"wp:attachment":[{"href":"https:\/\/www.arteypasiondelsur.com\/joyeria\/wp-json\/wp\/v2\/media?parent=100"}],"curies":[{"name":"wp","href":"https:\/\/api.w.org\/{rel}","templated":true}]}}